{"id":4662,"date":"2026-03-03T19:28:20","date_gmt":"2026-03-03T19:28:20","guid":{"rendered":"https:\/\/edith-gross.de\/home\/?page_id=4662"},"modified":"2026-04-15T15:45:33","modified_gmt":"2026-04-15T15:45:33","slug":"archiv-2026","status":"publish","type":"page","link":"https:\/\/edith-gross.de\/home\/archiv-2026\/","title":{"rendered":"Archiv 2026"},"content":{"rendered":"\n<table style=\"border-collapse: collapse; width: 100%;\">\n<tbody>\n<tr>\n<td style=\"width: 329.15px;\">&nbsp;<\/td>\n<td style=\"width: 329.15px;\">&nbsp;<\/td>\n<\/tr>\n<tr>\n<td style=\"width: 329.15px;\">\n<p><strong>AtelierTage<br>KunstRaum in Herzogenaurach<br><\/strong>Ort:&nbsp; 91074 Herzogenaurach<br>Langenzenner Stra\u00dfe 1<br>22.03. 2026-26.03. 2026<br>Vernissage: Fr 27.03.2026, 18:00<br>Ausstellung: Sa\/So 28\/29.03.2026, 14-17:00<\/p>\n<p>&nbsp;<\/p>\n<\/td>\n<td style=\"width: 329.15px;\"><img loading=\"lazy\" decoding=\"async\" class=\"alignnone size-medium wp-image-4706\" src=\"https:\/\/edith-gross.de\/home\/wp-content\/uploads\/2026\/04\/Herzo-2026-300x107.jpg\" alt=\"\" width=\"300\" height=\"107\" srcset=\"https:\/\/edith-gross.de\/home\/wp-content\/uploads\/2026\/04\/Herzo-2026-300x107.jpg 300w, https:\/\/edith-gross.de\/home\/wp-content\/uploads\/2026\/04\/Herzo-2026-768x274.jpg 768w, https:\/\/edith-gross.de\/home\/wp-content\/uploads\/2026\/04\/Herzo-2026.jpg 838w\" sizes=\"(max-width: 300px) 100vw, 300px\" \/><\/td>\n<\/tr>\n<tr>\n<td style=\"width: 329.15px;\">\n<p><strong>Gemeinschaftsausstellung GEDOK<br><\/strong>Ort: Reitbahn Ansbach<br>Reitbahn 3, 91522 Ansbach<br>07. 03. 2026 \u2013 06. 04. 2026<br>Vernissage Fr 06.03.2026<\/p>\n<p><img loading=\"lazy\" decoding=\"async\" class=\"alignnone wp-image-4668 size-large\" src=\"https:\/\/edith-gross.de\/home\/wp-content\/uploads\/2026\/03\/Einladung-gangART-2025-Prod1-2-1024x512.jpg\" sizes=\"(max-width: 525px) 100vw, 525px\" srcset=\"https:\/\/edith-gross.de\/home\/wp-content\/uploads\/2026\/03\/Einladung-gangART-2025-Prod1-2-1024x512.jpg 1024w, https:\/\/edith-gross.de\/home\/wp-content\/uploads\/2026\/03\/Einladung-gangART-2025-Prod1-2-300x150.jpg 300w, https:\/\/edith-gross.de\/home\/wp-content\/uploads\/2026\/03\/Einladung-gangART-2025-Prod1-2-768x384.jpg 768w, https:\/\/edith-gross.de\/home\/wp-content\/uploads\/2026\/03\/Einladung-gangART-2025-Prod1-2.jpg 1240w\" alt=\"\" width=\"525\" height=\"263\"><\/p>\n<\/td>\n<td style=\"width: 329.15px;\">\n<p><img loading=\"lazy\" decoding=\"async\" class=\"alignnone size-medium wp-image-4667\" src=\"https:\/\/edith-gross.de\/home\/wp-content\/uploads\/2026\/03\/Einladung-gangART-2025-Prod1-1-300x150.jpg\" sizes=\"(max-width: 300px) 100vw, 300px\" srcset=\"https:\/\/edith-gross.de\/home\/wp-content\/uploads\/2026\/03\/Einladung-gangART-2025-Prod1-1-300x150.jpg 300w, https:\/\/edith-gross.de\/home\/wp-content\/uploads\/2026\/03\/Einladung-gangART-2025-Prod1-1-1024x512.jpg 1024w, https:\/\/edith-gross.de\/home\/wp-content\/uploads\/2026\/03\/Einladung-gangART-2025-Prod1-1-768x384.jpg 768w, https:\/\/edith-gross.de\/home\/wp-content\/uploads\/2026\/03\/Einladung-gangART-2025-Prod1-1.jpg 1240w\" alt=\"\" width=\"300\" height=\"150\"><\/p>\n<p>&nbsp;<\/p>\n<p>&nbsp;<\/p>\n<p>&nbsp;<\/p>\n<\/td>\n<\/tr>\n<tr>\n<td style=\"width: 329.15px;\">Kunstausstellung<strong><br><\/strong>Offenes B\u00fcro (DLZ-Bau) in N\u00fcrnberg<br>Ort:&nbsp; N\u00fcrnberg<br>Lorenzer Stra\u00dfe 30<br>04. 02. 2026 \u2013 27. 02. 2026<br>Vernissage: Di 03.02.2026, 18:00<br>Finissage: Fr 27.02.2026, 17:00<strong><br><\/strong><\/td>\n<td style=\"width: 329.15px;\"><img loading=\"lazy\" decoding=\"async\" class=\"alignnone size-medium wp-image-4649\" src=\"https:\/\/edith-gross.de\/home\/wp-content\/uploads\/2026\/01\/Plakat-Austellung-212x300.jpeg\" sizes=\"(max-width: 212px) 100vw, 212px\" srcset=\"https:\/\/edith-gross.de\/home\/wp-content\/uploads\/2026\/01\/Plakat-Austellung-212x300.jpeg 212w, https:\/\/edith-gross.de\/home\/wp-content\/uploads\/2026\/01\/Plakat-Austellung-724x1024.jpeg 724w, https:\/\/edith-gross.de\/home\/wp-content\/uploads\/2026\/01\/Plakat-Austellung-768x1086.jpeg 768w, https:\/\/edith-gross.de\/home\/wp-content\/uploads\/2026\/01\/Plakat-Austellung.jpeg 905w\" alt=\"\" width=\"212\" height=\"300\"><\/td>\n<\/tr>\n<\/tbody>\n<\/table>\n","protected":false},"excerpt":{"rendered":"<p>&nbsp; &nbsp; AtelierTageKunstRaum in HerzogenaurachOrt:&nbsp; 91074 HerzogenaurachLangenzenner Stra\u00dfe 122.03. 2026-26.03. 2026Vernissage: Fr 27.03.2026, 18:00Ausstellung: Sa\/So 28\/29.03.2026, 14-17:00 &nbsp; Gemeinschaftsausstellung GEDOKOrt: Reitbahn AnsbachReitbahn 3, 91522 Ansbach07. 03. 2026 \u2013 06. 04. 2026Vernissage Fr 06.03.2026 &nbsp; &nbsp; &nbsp; KunstausstellungOffenes B\u00fcro (DLZ-Bau) in N\u00fcrnbergOrt:&nbsp; N\u00fcrnbergLorenzer Stra\u00dfe 3004. 02. 2026 \u2013 27. 02. 2026Vernissage: Di 03.02.2026, 18:00Finissage: Fr 27.02.2026, &hellip; <\/p>\n<p class=\"link-more\"><a href=\"https:\/\/edith-gross.de\/home\/archiv-2026\/\" class=\"more-link\"><span class=\"screen-reader-text\">\u201eArchiv 2026\u201c<\/span> weiterlesen<\/a><\/p>\n","protected":false},"author":2,"featured_media":0,"parent":0,"menu_order":0,"comment_status":"closed","ping_status":"closed","template":"","meta":{"ngg_post_thumbnail":0,"footnotes":""},"class_list":["post-4662","page","type-page","status-publish","hentry"],"_links":{"self":[{"href":"https:\/\/edith-gross.de\/home\/wp-json\/wp\/v2\/pages\/4662"}],"collection":[{"href":"https:\/\/edith-gross.de\/home\/wp-json\/wp\/v2\/pages"}],"about":[{"href":"https:\/\/edith-gross.de\/home\/wp-json\/wp\/v2\/types\/page"}],"author":[{"embeddable":true,"href":"https:\/\/edith-gross.de\/home\/wp-json\/wp\/v2\/users\/2"}],"replies":[{"embeddable":true,"href":"https:\/\/edith-gross.de\/home\/wp-json\/wp\/v2\/comments?post=4662"}],"version-history":[{"count":3,"href":"https:\/\/edith-gross.de\/home\/wp-json\/wp\/v2\/pages\/4662\/revisions"}],"predecessor-version":[{"id":4707,"href":"https:\/\/edith-gross.de\/home\/wp-json\/wp\/v2\/pages\/4662\/revisions\/4707"}],"wp:attachment":[{"href":"https:\/\/edith-gross.de\/home\/wp-json\/wp\/v2\/media?parent=4662"}],"curies":[{"name":"wp","href":"https:\/\/api.w.org\/{rel}","templated":true}]}}