{"id":4451,"date":"2025-01-19T13:16:41","date_gmt":"2025-01-19T13:16:41","guid":{"rendered":"https:\/\/edith-gross.de\/home\/?page_id=4451"},"modified":"2026-01-02T08:25:55","modified_gmt":"2026-01-02T08:25:55","slug":"archiv-2025","status":"publish","type":"page","link":"https:\/\/edith-gross.de\/home\/archiv-2025\/","title":{"rendered":"ARCHIV 2025"},"content":{"rendered":"\n<table style=\"border-collapse: collapse; width: 100%;\">\n<tbody>\n<tr>\n<td style=\"width: 50%;\"><strong>Heimatministerium N\u00fcrnberg GEDOK<br><\/strong>Vernissage Fr 07.11.2025, 17:00<strong><br><\/strong>Ausstellungsdauer bis<br>20.11.2025<\/td>\n<td style=\"width: 50%;\"><img loading=\"lazy\" decoding=\"async\" class=\"alignnone size-medium wp-image-4623\" src=\"https:\/\/edith-gross.de\/home\/wp-content\/uploads\/2026\/01\/Einladung-Flyer-300x169.jpg\" alt=\"\" width=\"300\" height=\"169\" srcset=\"https:\/\/edith-gross.de\/home\/wp-content\/uploads\/2026\/01\/Einladung-Flyer-300x169.jpg 300w, https:\/\/edith-gross.de\/home\/wp-content\/uploads\/2026\/01\/Einladung-Flyer-1024x576.jpg 1024w, https:\/\/edith-gross.de\/home\/wp-content\/uploads\/2026\/01\/Einladung-Flyer-768x432.jpg 768w, https:\/\/edith-gross.de\/home\/wp-content\/uploads\/2026\/01\/Einladung-Flyer-1536x864.jpg 1536w, https:\/\/edith-gross.de\/home\/wp-content\/uploads\/2026\/01\/Einladung-Flyer.jpg 1920w\" sizes=\"(max-width: 300px) 100vw, 300px\" \/><\/td>\n<\/tr>\n<tr>\n<td style=\"width: 50%;\"><strong>Offene Ateliers F\u00fcrth, Gastspiel 2025<br>Sa\/So 18\/19.10.2025<br>Sa 14-21 Uhr<br>So 11-18 Uhr <br><br>Mein Atelier (siehe auf der Karte Nr. 22)<br>ist in der Fichtenstra\u00dfe 36 in F\u00fcrth.<br>Zu sehen sind von meinem Gast Brigitte Graf-Nekola architekturMALEREI,<br>und von mir Malerei im Licht.<\/strong><\/td>\n<td style=\"width: 50%;\">\n<p>&nbsp;<\/p>\n<p><img loading=\"lazy\" decoding=\"async\" class=\"alignnone  wp-image-4605\" src=\"https:\/\/edith-gross.de\/home\/wp-content\/uploads\/2025\/09\/Flyer_Seite-1-300x211.jpg\" alt=\"\" width=\"188\" height=\"132\" srcset=\"https:\/\/edith-gross.de\/home\/wp-content\/uploads\/2025\/09\/Flyer_Seite-1-300x211.jpg 300w, https:\/\/edith-gross.de\/home\/wp-content\/uploads\/2025\/09\/Flyer_Seite-1-1024x721.jpg 1024w, https:\/\/edith-gross.de\/home\/wp-content\/uploads\/2025\/09\/Flyer_Seite-1-768x541.jpg 768w, https:\/\/edith-gross.de\/home\/wp-content\/uploads\/2025\/09\/Flyer_Seite-1.jpg 1307w\" sizes=\"(max-width: 188px) 100vw, 188px\" \/><\/p>\n<p><img loading=\"lazy\" decoding=\"async\" class=\"alignnone size-medium wp-image-4606\" src=\"https:\/\/edith-gross.de\/home\/wp-content\/uploads\/2025\/09\/Flyer_Karte_Seite-2-300x215.jpg\" alt=\"\" width=\"300\" height=\"215\" srcset=\"https:\/\/edith-gross.de\/home\/wp-content\/uploads\/2025\/09\/Flyer_Karte_Seite-2-300x215.jpg 300w, https:\/\/edith-gross.de\/home\/wp-content\/uploads\/2025\/09\/Flyer_Karte_Seite-2-1024x733.jpg 1024w, https:\/\/edith-gross.de\/home\/wp-content\/uploads\/2025\/09\/Flyer_Karte_Seite-2-768x550.jpg 768w, https:\/\/edith-gross.de\/home\/wp-content\/uploads\/2025\/09\/Flyer_Karte_Seite-2.jpg 1296w\" sizes=\"(max-width: 300px) 100vw, 300px\" \/><\/p>\n<\/td>\n<\/tr>\n<\/tbody>\n<\/table>\n\n\n\n<table style=\"border-collapse: collapse; width: 100%; height: 624px;\">\n<tbody>\n<tr style=\"height: 240px;\">\n<td style=\"width: 50%; height: 240px;\">\n<ul>\n<li>&nbsp;<strong>Ausstellung Almoshof GEDOK<br><\/strong> <strong>Mo. 15.09. \u2013 So. 28.09.2025<\/strong><br><br><strong>Vernissage So 14.09.2025, 15:00<br><\/strong><strong>Finissage So 28.09.2025, 16:00<\/strong><br><br><\/li>\n<li>\n<p>GEDOK h\u00e4lt Hof<br>Kunstwoche der GEDOK Franken mit Ausstellung (im Anschluss)<\/p>\n<\/li>\n<\/ul>\n<\/td>\n<td style=\"width: 50%; height: 240px;\"><img loading=\"lazy\" decoding=\"async\" class=\"alignnone wp-image-4601 size-large\" src=\"https:\/\/edith-gross.de\/home\/wp-content\/uploads\/2025\/09\/Flyer_Gedok-Almoshof-1024x655.jpg\" alt=\"\" width=\"525\" height=\"336\" srcset=\"https:\/\/edith-gross.de\/home\/wp-content\/uploads\/2025\/09\/Flyer_Gedok-Almoshof-1024x655.jpg 1024w, https:\/\/edith-gross.de\/home\/wp-content\/uploads\/2025\/09\/Flyer_Gedok-Almoshof-300x192.jpg 300w, https:\/\/edith-gross.de\/home\/wp-content\/uploads\/2025\/09\/Flyer_Gedok-Almoshof-768x492.jpg 768w, https:\/\/edith-gross.de\/home\/wp-content\/uploads\/2025\/09\/Flyer_Gedok-Almoshof.jpg 1078w\" sizes=\"(max-width: 525px) 100vw, 525px\" \/><\/td>\n<\/tr>\n<tr style=\"height: 304px;\">\n<td style=\"width: 50%; height: 304px;\">\n<ul>\n<li><strong>&#8222;Schnittblumen und Landschaften&#8220;<br>im Struwwelpeter<br data-rich-text-line-break=\"true\">Ort: Pilotystra\u00dfe 32 in N\u00fcrnberg<br data-rich-text-line-break=\"true\">Termin:&nbsp;&nbsp; <br>23. Juli \u2013 31. August 2025<br data-rich-text-line-break=\"true\">\u00d6ffnungszeiten:<br data-rich-text-line-break=\"true\">Dienstag 9.00-20.00 Uhr<br data-rich-text-line-break=\"true\">Mittwoch-Freitag 9.00-18.00 Uhr<br data-rich-text-line-break=\"true\">Samstag 8.30-14.00 Uhr<\/strong><\/li>\n<\/ul>\n<strong><br><\/strong><\/td>\n<td style=\"width: 50%; height: 304px;\"><img loading=\"lazy\" decoding=\"async\" class=\"alignnone size-medium wp-image-4564\" src=\"https:\/\/edith-gross.de\/home\/wp-content\/uploads\/2025\/07\/plakat_struwwelpeter-2025-218x300.jpg\" alt=\"\" width=\"218\" height=\"300\" srcset=\"https:\/\/edith-gross.de\/home\/wp-content\/uploads\/2025\/07\/plakat_struwwelpeter-2025-218x300.jpg 218w, https:\/\/edith-gross.de\/home\/wp-content\/uploads\/2025\/07\/plakat_struwwelpeter-2025-745x1024.jpg 745w, https:\/\/edith-gross.de\/home\/wp-content\/uploads\/2025\/07\/plakat_struwwelpeter-2025-768x1055.jpg 768w, https:\/\/edith-gross.de\/home\/wp-content\/uploads\/2025\/07\/plakat_struwwelpeter-2025.jpg 786w\" sizes=\"(max-width: 218px) 100vw, 218px\" \/><\/td>\n<\/tr>\n<tr style=\"height: 20px;\">\n<td style=\"width: 50%; height: 20px;\"><strong>AtelierTage<br>KunstRaum in Herzogenaurach<br><\/strong>Ort:&nbsp; 91074 Herzogenaurach<br>Langenzenner Stra\u00dfe 1<br>25.05. 2025-01.06. 2025<\/td>\n<td style=\"width: 50%; height: 20px;\"><img loading=\"lazy\" decoding=\"async\" class=\"alignnone size-medium wp-image-4556\" src=\"https:\/\/edith-gross.de\/home\/wp-content\/uploads\/2025\/06\/Gemeinschaftsarbeit_kl-300x225.jpg\" alt=\"\" width=\"300\" height=\"225\" srcset=\"https:\/\/edith-gross.de\/home\/wp-content\/uploads\/2025\/06\/Gemeinschaftsarbeit_kl-300x225.jpg 300w, https:\/\/edith-gross.de\/home\/wp-content\/uploads\/2025\/06\/Gemeinschaftsarbeit_kl.jpg 504w\" sizes=\"(max-width: 300px) 100vw, 300px\" \/><\/td>\n<\/tr>\n<tr style=\"height: 20px;\">\n<td style=\"width: 50%; height: 20px;\"><hr><\/td>\n<td style=\"width: 50%; height: 20px;\">&nbsp;<\/td>\n<\/tr>\n<tr style=\"height: 20px;\">\n<td style=\"width: 50%; height: 20px;\">\n<ul>\n<li><strong>Legend\u00e4re Malstunde 2025<br><\/strong>Offenes B\u00fcro (DLZ-Bau) in N\u00fcrnberg<br>Ort:&nbsp; N\u00fcrnberg<br>Lorenzer Stra\u00dfe 30<br>16. 04. 2025 \u2013 09. 05. 2025<br>Vernissage: Di 15.04.2025, 18:00<br>Finissage: Fr 09.05.2025, 17:00<strong><br><\/strong><\/li>\n<\/ul>\n<\/td>\n<td style=\"width: 50%; height: 20px;\"><img loading=\"lazy\" decoding=\"async\" class=\"alignnone size-medium wp-image-4543\" src=\"https:\/\/edith-gross.de\/home\/wp-content\/uploads\/2025\/04\/Plakat-Malstunde_2025-210x300.jpg\" sizes=\"(max-width: 210px) 100vw, 210px\" srcset=\"https:\/\/edith-gross.de\/home\/wp-content\/uploads\/2025\/04\/Plakat-Malstunde_2025-210x300.jpg 210w, https:\/\/edith-gross.de\/home\/wp-content\/uploads\/2025\/04\/Plakat-Malstunde_2025.jpg 473w\" alt=\"\" width=\"210\" height=\"300\"><\/td>\n<\/tr>\n<tr style=\"height: 20px;\">\n<td style=\"width: 50%; height: 20px;\"><hr><\/td>\n<td style=\"width: 50%; height: 20px;\">&nbsp;<\/td>\n<\/tr>\n<\/tbody>\n<\/table>\n\n\n\n<table style=\"border-collapse: collapse; width: 100%;\">\n<tbody>\n<tr>\n<td style=\"width: 50%;\">\n<ul>\n<li><strong>Gruppenausstellung<br>Kunstverein Kulmbach<br>\u201e7 aus dem Verein\u201c<br>vom Sa 01.02. \u2013 So 30.03.2025<br><br>Vernissage Sa 01.02.2025, 11.00 Uhr<br>im Historischen Badhaus<br><br><a href=\"https:\/\/edith-gross.de\/home\/bildergalerie\/pastellmalerei\/\">Mein Beitrag: Pastellmalerei<\/a><br><br>Historisches Badhaus in Kulmbach,<br>Oberhacken 34, Fr, Sa &amp; So 13-17:00 <br>und <br>Pop-Up Kunstgalerie, Kulmbach<br>Spitalgasse 1, Sa &amp; So 13-16:00<br><\/strong><\/li>\n<\/ul>\n<figure id=\"attachment_4428\" class=\"wp-caption alignnone\" aria-describedby=\"caption-attachment-4428\"><img loading=\"lazy\" decoding=\"async\" class=\"wp-image-4428 size-medium\" src=\"https:\/\/edith-gross.de\/home\/wp-content\/uploads\/2025\/01\/gross_teneriffa-6-300x109.jpg\" sizes=\"(max-width: 300px) 100vw, 300px\" srcset=\"https:\/\/edith-gross.de\/home\/wp-content\/uploads\/2025\/01\/gross_teneriffa-6-300x109.jpg 300w, https:\/\/edith-gross.de\/home\/wp-content\/uploads\/2025\/01\/gross_teneriffa-6-768x279.jpg 768w, https:\/\/edith-gross.de\/home\/wp-content\/uploads\/2025\/01\/gross_teneriffa-6.jpg 888w\" alt=\"\" width=\"300\" height=\"109\">\n<figcaption id=\"caption-attachment-4428\" class=\"wp-caption-text\">Edith Gro\u00df \u201eRote Glut\u201c 25 x 52 cm Pastellmalerei<\/figcaption>\n<\/figure>\n<p><strong><br>An den Sonntagen, 23. und 30.03.2025, von 13:00-16:00 Uhr, bin ich pers\u00f6nlich in der Pop-Up Kunstgalerie.<br><\/strong><\/p>\n<\/td>\n<td style=\"width: 50%;\"><img loading=\"lazy\" decoding=\"async\" class=\"size-medium wp-image-4427 aligncenter\" src=\"https:\/\/edith-gross.de\/home\/wp-content\/uploads\/2025\/01\/Plakat-7ausdemVerein-2025-kl-212x300.jpg\" sizes=\"(max-width: 212px) 100vw, 212px\" srcset=\"https:\/\/edith-gross.de\/home\/wp-content\/uploads\/2025\/01\/Plakat-7ausdemVerein-2025-kl-212x300.jpg 212w, https:\/\/edith-gross.de\/home\/wp-content\/uploads\/2025\/01\/Plakat-7ausdemVerein-2025-kl.jpg 438w\" alt=\"\" width=\"212\" height=\"300\"><\/td>\n<\/tr>\n<\/tbody>\n<\/table>\n","protected":false},"excerpt":{"rendered":"<p>Heimatministerium N\u00fcrnberg GEDOKVernissage Fr 07.11.2025, 17:00Ausstellungsdauer bis20.11.2025 Offene Ateliers F\u00fcrth, Gastspiel 2025Sa\/So 18\/19.10.2025Sa 14-21 UhrSo 11-18 Uhr Mein Atelier (siehe auf der Karte Nr. 22)ist in der Fichtenstra\u00dfe 36 in F\u00fcrth.Zu sehen sind von meinem Gast Brigitte Graf-Nekola architekturMALEREI,und von mir Malerei im Licht. &nbsp; &nbsp;Ausstellung Almoshof GEDOK Mo. 15.09. \u2013 So. 28.09.2025 Vernissage So &hellip; <\/p>\n<p class=\"link-more\"><a href=\"https:\/\/edith-gross.de\/home\/archiv-2025\/\" class=\"more-link\"><span class=\"screen-reader-text\">\u201eARCHIV 2025\u201c<\/span> weiterlesen<\/a><\/p>\n","protected":false},"author":2,"featured_media":0,"parent":0,"menu_order":0,"comment_status":"closed","ping_status":"closed","template":"","meta":{"ngg_post_thumbnail":0,"footnotes":""},"class_list":["post-4451","page","type-page","status-publish","hentry"],"_links":{"self":[{"href":"https:\/\/edith-gross.de\/home\/wp-json\/wp\/v2\/pages\/4451"}],"collection":[{"href":"https:\/\/edith-gross.de\/home\/wp-json\/wp\/v2\/pages"}],"about":[{"href":"https:\/\/edith-gross.de\/home\/wp-json\/wp\/v2\/types\/page"}],"author":[{"embeddable":true,"href":"https:\/\/edith-gross.de\/home\/wp-json\/wp\/v2\/users\/2"}],"replies":[{"embeddable":true,"href":"https:\/\/edith-gross.de\/home\/wp-json\/wp\/v2\/comments?post=4451"}],"version-history":[{"count":13,"href":"https:\/\/edith-gross.de\/home\/wp-json\/wp\/v2\/pages\/4451\/revisions"}],"predecessor-version":[{"id":4624,"href":"https:\/\/edith-gross.de\/home\/wp-json\/wp\/v2\/pages\/4451\/revisions\/4624"}],"wp:attachment":[{"href":"https:\/\/edith-gross.de\/home\/wp-json\/wp\/v2\/media?parent=4451"}],"curies":[{"name":"wp","href":"https:\/\/api.w.org\/{rel}","templated":true}]}}