{"id":4028,"date":"2023-05-22T21:22:43","date_gmt":"2023-05-22T21:22:43","guid":{"rendered":"https:\/\/edith-gross.de\/home\/?page_id=4028"},"modified":"2024-03-14T14:14:09","modified_gmt":"2024-03-14T14:14:09","slug":"archiv-2023","status":"publish","type":"page","link":"https:\/\/edith-gross.de\/home\/archiv-2023\/","title":{"rendered":"Archiv 2023"},"content":{"rendered":"\n<table style=\"width: 100%; height: 3871px;\">\n<tbody>\n<tr>\n<td style=\"width: 61.1276%;\">\n<p><strong>Einzelausstellung im Samocca F\u00fcrth<br>\u201eDer Wind, der mich tr\u00e4gt\u2026\u201c<br>Rudolf-Breitscheid-Str. 4<br><\/strong><strong>&nbsp;09<\/strong><strong>. 12. 2023 \u2013 07. 03. 2024<br>Achtung: Verl\u00e4ngerung<br>\u00d6ffnungszeiten: Mo-Sa 10-17:00 H<br><br>Vernissage:<br>Fr 15.12.2023&nbsp; <\/strong><strong>16-18:00 H<br><img loading=\"lazy\" decoding=\"async\" class=\"alignnone size-medium wp-image-4131\" src=\"https:\/\/edith-gross.de\/home\/wp-content\/uploads\/2023\/11\/flyer-202x300.jpg\" sizes=\"(max-width: 202px) 100vw, 202px\" srcset=\"https:\/\/edith-gross.de\/home\/wp-content\/uploads\/2023\/11\/flyer-202x300.jpg 202w, https:\/\/edith-gross.de\/home\/wp-content\/uploads\/2023\/11\/flyer.jpg 681w\" alt=\"\" width=\"202\" height=\"300\"><br><\/strong><\/p>\n<\/td>\n<td style=\"width: 38.724%;\">&nbsp;<\/td>\n<\/tr>\n<tr>\n<td style=\"width: 61.1276%;\"><hr><\/td>\n<td style=\"width: 38.724%;\">&nbsp;<\/td>\n<\/tr>\n<tr style=\"height: 584px;\">\n<td style=\"height: 584px; width: 61.1276%;\">\n<p><strong data-rich-text-format-boundary=\"true\">Gruppenausstellung<br>\u201e<a href=\"http:\/\/edith-gross.de\/home\/bildergalerie\/\">MALSTUNDE II 2023\u2033<\/a><br>auf AEG in N\u00fcrnberg<br>im Treffpunkt Architektur<br>Ort:&nbsp; Muggenhofer Stra\u00dfe 135<br>90429 N\u00fcrnberg<br>17. 09. 2023 \u2013 25. 10. 2023<br>Mo 15-17 H, Mi und Fr 9-12 H<br>Vernissage: 17.09.2023<br><\/strong><\/p>\n<p><img loading=\"lazy\" decoding=\"async\" class=\"alignnone size-medium wp-image-4082\" src=\"https:\/\/edith-gross.de\/home\/wp-content\/uploads\/2023\/08\/Plakat-212x300.jpg\" sizes=\"(max-width: 212px) 100vw, 212px\" srcset=\"https:\/\/edith-gross.de\/home\/wp-content\/uploads\/2023\/08\/Plakat-212x300.jpg 212w, https:\/\/edith-gross.de\/home\/wp-content\/uploads\/2023\/08\/Plakat-724x1024.jpg 724w, https:\/\/edith-gross.de\/home\/wp-content\/uploads\/2023\/08\/Plakat-768x1086.jpg 768w, https:\/\/edith-gross.de\/home\/wp-content\/uploads\/2023\/08\/Plakat.jpg 1068w\" alt=\"\" width=\"212\" height=\"300\"><\/p>\n<\/td>\n<td style=\"height: 584px; width: 38.724%;\">&nbsp;<\/td>\n<\/tr>\n<tr style=\"height: 46px;\">\n<td style=\"height: 46px; width: 61.1276%;\"><hr><\/td>\n<td style=\"height: 46px; width: 38.724%;\">&nbsp;<\/td>\n<\/tr>\n<tr style=\"height: 450px;\">\n<td style=\"height: 450px; width: 61.1276%;\">\n<p><strong data-rich-text-format-boundary=\"true\">Offene Ateliers<br>\u201eGastspiel 2023\u2033<br>&nbsp;F\u00fcrther Kunstwochenende <br>14\/15. 10. 2023<br>Sa 15-21 Uhr So 11-18 Uhr<br>Edith Gro\u00df und Ute Kronenberger<br>Fichtenstra\u00dfe 36 in F\u00fcrth<\/strong><\/p>\n<p><img loading=\"lazy\" decoding=\"async\" class=\"alignnone size-medium wp-image-4101\" src=\"https:\/\/edith-gross.de\/home\/wp-content\/uploads\/2023\/10\/Gastspiel-2023_Vorderseite-kl-300x214.jpg\" sizes=\"(max-width: 300px) 100vw, 300px\" srcset=\"https:\/\/edith-gross.de\/home\/wp-content\/uploads\/2023\/10\/Gastspiel-2023_Vorderseite-kl-300x214.jpg 300w, https:\/\/edith-gross.de\/home\/wp-content\/uploads\/2023\/10\/Gastspiel-2023_Vorderseite-kl-768x547.jpg 768w, https:\/\/edith-gross.de\/home\/wp-content\/uploads\/2023\/10\/Gastspiel-2023_Vorderseite-kl.jpg 828w\" alt=\"\" width=\"300\" height=\"214\"><\/p>\n<\/td>\n<td style=\"height: 450px; width: 38.724%;\">&nbsp;<\/td>\n<\/tr>\n<tr style=\"height: 46px;\">\n<td style=\"height: 46px; width: 61.1276%;\"><hr><\/td>\n<td style=\"height: 46px; width: 38.724%;\">&nbsp;<\/td>\n<\/tr>\n<tr style=\"height: 510px;\">\n<td style=\"height: 510px; width: 61.1276%;\"><strong data-rich-text-format-boundary=\"true\">Kunst im Struwwelpeter<br data-rich-text-line-break=\"true\">Ort: Pilotystra\u00dfe 32 in N\u00fcrnberg<br data-rich-text-line-break=\"true\">Ausstellungstermin:&nbsp;&nbsp; 14. Juni \u2013 19. August<br>2023 verl\u00e4ngert<br data-rich-text-line-break=\"true\">\u00d6ffnungszeiten:<br data-rich-text-line-break=\"true\">Dienstag 9.00-20.00 Uhr<br data-rich-text-line-break=\"true\">Mittwoch-Freitag 9.00-18.00 Uhr<br data-rich-text-line-break=\"true\">Samstag 8.30-14.00 Uhr<\/strong>\n<p><strong> <img loading=\"lazy\" decoding=\"async\" class=\"alignnone size-medium wp-image-4084\" src=\"https:\/\/edith-gross.de\/home\/wp-content\/uploads\/2023\/08\/Plakat-1-204x300.jpg\" alt=\"\" width=\"204\" height=\"300\" srcset=\"https:\/\/edith-gross.de\/home\/wp-content\/uploads\/2023\/08\/Plakat-1-204x300.jpg 204w, https:\/\/edith-gross.de\/home\/wp-content\/uploads\/2023\/08\/Plakat-1-696x1024.jpg 696w, https:\/\/edith-gross.de\/home\/wp-content\/uploads\/2023\/08\/Plakat-1-768x1130.jpg 768w, https:\/\/edith-gross.de\/home\/wp-content\/uploads\/2023\/08\/Plakat-1.jpg 1044w\" sizes=\"(max-width: 204px) 100vw, 204px\" \/><\/strong><\/p>\n<\/td>\n<td style=\"height: 510px; width: 38.724%;\">&nbsp;<\/td>\n<\/tr>\n<tr style=\"height: 67px;\">\n<td style=\"height: 67px; width: 61.1276%;\"><hr><strong data-rich-text-format-boundary=\"true\"><br><\/strong><\/td>\n<td style=\"height: 67px; width: 38.724%;\">&nbsp;<\/td>\n<\/tr>\n<tr style=\"height: 557px;\">\n<td style=\"height: 557px; width: 61.1276%;\">\n<ul>\n<li>\n<p><strong>EVENT: \u201eKUNST IM HOF\u201c<br>in Weisendorf<\/strong><strong> <br><\/strong><strong>Ort:&nbsp; Weisendorf Mitte,<br>Hauptstra\u00dfe am Kreisverkehr<br><\/strong><strong>Ausstellungstermin:<br>nur Sonntag&nbsp; 09. 07. 2023<br>10:00-18:00 H<\/strong><\/p>\n<p><img loading=\"lazy\" decoding=\"async\" class=\"alignnone size-medium wp-image-4057\" src=\"https:\/\/edith-gross.de\/home\/wp-content\/uploads\/2023\/06\/Flyer-213x300.jpg\" sizes=\"(max-width: 213px) 100vw, 213px\" srcset=\"https:\/\/edith-gross.de\/home\/wp-content\/uploads\/2023\/06\/Flyer-213x300.jpg 213w, https:\/\/edith-gross.de\/home\/wp-content\/uploads\/2023\/06\/Flyer.jpg 654w\" alt=\"\" width=\"213\" height=\"300\"><\/p>\n<\/li>\n<\/ul>\n<strong><br><\/strong><\/td>\n<td style=\"height: 557px; width: 38.724%;\">&nbsp;<\/td>\n<\/tr>\n<tr style=\"height: 10px;\">\n<td style=\"height: 10px; width: 61.1276%;\"><hr>\n<p><strong>&nbsp;<\/strong><\/p>\n<\/td>\n<td style=\"height: 10px; width: 38.724%;\">&nbsp;<\/td>\n<\/tr>\n<tr style=\"height: 505px;\">\n<td style=\"height: 505px; width: 61.1276%;\"><strong>Gruppenausstellung Gedok 2023<br>\u201e<a href=\"http:\/\/edith-gross.de\/home\/bildergalerie\/\">Es gr\u00fcnt so bunt\u2033<\/a><br>Glashaus in Roth<br>\u00d6ffnungszeiten: Fr-So 12-19.00 Uhr<br>M\u00fcnchner Stra\u00dfe 45, 91154 Roth <br>02. 06. 2023 \u2013 30. 06. 2023<br>Vernissage Fr 02.06.2023, 17.00 Uhr<br>Finissage&nbsp; Fr 30.06.2023, 15.00-17.00 Uhr<br>mit K\u00fcnstlerinnengespr\u00e4chen<br><img loading=\"lazy\" decoding=\"async\" class=\"alignnone size-medium wp-image-4058\" src=\"https:\/\/edith-gross.de\/home\/wp-content\/uploads\/2023\/06\/Einladung_2-298x300.jpg\" alt=\"\" width=\"298\" height=\"300\" srcset=\"https:\/\/edith-gross.de\/home\/wp-content\/uploads\/2023\/06\/Einladung_2-298x300.jpg 298w, https:\/\/edith-gross.de\/home\/wp-content\/uploads\/2023\/06\/Einladung_2-1017x1024.jpg 1017w, https:\/\/edith-gross.de\/home\/wp-content\/uploads\/2023\/06\/Einladung_2-150x150.jpg 150w, https:\/\/edith-gross.de\/home\/wp-content\/uploads\/2023\/06\/Einladung_2-768x773.jpg 768w, https:\/\/edith-gross.de\/home\/wp-content\/uploads\/2023\/06\/Einladung_2-100x100.jpg 100w, https:\/\/edith-gross.de\/home\/wp-content\/uploads\/2023\/06\/Einladung_2.jpg 1054w\" sizes=\"(max-width: 298px) 100vw, 298px\" \/><\/strong><\/td>\n<td style=\"height: 505px; width: 38.724%;\">&nbsp;<\/td>\n<\/tr>\n<tr style=\"height: 67px;\">\n<td style=\"height: 67px; width: 61.1276%;\"><hr><strong><br><\/strong><\/td>\n<td style=\"height: 67px; width: 38.724%;\">&nbsp;<\/td>\n<\/tr>\n<tr style=\"height: 485px;\">\n<td style=\"height: 485px; width: 61.1276%;\"><strong>Gruppenausstellung <br>\u201e<\/strong><a href=\"http:\/\/edith-gross.de\/home\/bildergalerie\/\"><strong>EMOTIONEN\u2033<\/strong><\/a><strong><br>KunstRaum in Herzogenaurach<br>\u00d6ffnungszeiten: 14-17.00 Uhr<br>Ort:&nbsp; 91074 Herzogenaurach<br>Langenzenner Stra\u00dfe 1<\/strong><br><strong>Sa\/So 27. 05. 2023 \u2013 28. 05. 2023<br>Vernissage Fr 26.05.2023, 18.00 Uhr<\/strong><strong><br><img loading=\"lazy\" decoding=\"async\" class=\"alignnone size-medium wp-image-4066\" src=\"https:\/\/edith-gross.de\/home\/wp-content\/uploads\/2023\/07\/01-gross-edith_emotion-pur-1-120x70-cm-193x300.jpg\" alt=\"\" width=\"193\" height=\"300\" srcset=\"https:\/\/edith-gross.de\/home\/wp-content\/uploads\/2023\/07\/01-gross-edith_emotion-pur-1-120x70-cm-193x300.jpg 193w, https:\/\/edith-gross.de\/home\/wp-content\/uploads\/2023\/07\/01-gross-edith_emotion-pur-1-120x70-cm.jpg 650w\" sizes=\"(max-width: 193px) 100vw, 193px\" \/><br><\/strong><\/td>\n<td style=\"height: 485px; width: 38.724%;\">&nbsp;<\/td>\n<\/tr>\n<tr style=\"height: 46px;\">\n<td style=\"height: 46px; width: 61.1276%;\"><hr><\/td>\n<td style=\"height: 46px; width: 38.724%;\">&nbsp;<\/td>\n<\/tr>\n<tr style=\"height: 180px;\">\n<td style=\"height: 180px; width: 61.1276%;\"><strong>Gruppenausstellung<br>\u201e<\/strong><a href=\"http:\/\/edith-gross.de\/home\/bildergalerie\/\"><strong>MALSTUNDE 2023\u2033<\/strong><\/a><strong><br>Offenes B\u00fcro (DLZ-Bau) in N\u00fcrnberg<br>Ort:&nbsp; N\u00fcrnberg<br>Lorenzer Stra\u00dfe 30<\/strong><br><strong>15. 04. 2023 \u2013 04. 05. 2023<br>Vernissage Fr 14.04.2023, 18.00 Uhr<br>Finissage&nbsp; Do 04.05.2023, 18.00 Uhr<\/strong><\/td>\n<td style=\"height: 180px; width: 38.724%;\">&nbsp;<\/td>\n<\/tr>\n<tr style=\"height: 318px;\">\n<td style=\"height: 318px; width: 61.1276%;\"><strong><img loading=\"lazy\" decoding=\"async\" class=\"alignnone size-medium wp-image-3946\" src=\"https:\/\/edith-gross.de\/home\/wp-content\/uploads\/2023\/04\/Plakat-Austellung-klein-212x300.jpeg\" sizes=\"(max-width: 212px) 100vw, 212px\" srcset=\"https:\/\/edith-gross.de\/home\/wp-content\/uploads\/2023\/04\/Plakat-Austellung-klein-212x300.jpeg 212w, https:\/\/edith-gross.de\/home\/wp-content\/uploads\/2023\/04\/Plakat-Austellung-klein.jpeg 453w\" alt=\"\" width=\"212\" height=\"300\"><\/strong><\/td>\n<td style=\"height: 318px; width: 38.724%;\">&nbsp;<\/td>\n<\/tr>\n<\/tbody>\n<\/table>\n","protected":false},"excerpt":{"rendered":"<p>Einzelausstellung im Samocca F\u00fcrth\u201eDer Wind, der mich tr\u00e4gt\u2026\u201cRudolf-Breitscheid-Str. 4&nbsp;09. 12. 2023 \u2013 07. 03. 2024Achtung: Verl\u00e4ngerung\u00d6ffnungszeiten: Mo-Sa 10-17:00 H Vernissage:Fr 15.12.2023&nbsp; 16-18:00 H &nbsp; &nbsp; Gruppenausstellung\u201eMALSTUNDE II 2023\u2033auf AEG in N\u00fcrnbergim Treffpunkt ArchitekturOrt:&nbsp; Muggenhofer Stra\u00dfe 13590429 N\u00fcrnberg17. 09. 2023 \u2013 25. 10. 2023Mo 15-17 H, Mi und Fr 9-12 HVernissage: 17.09.2023 &nbsp; &nbsp; Offene Ateliers\u201eGastspiel &hellip; <\/p>\n<p class=\"link-more\"><a href=\"https:\/\/edith-gross.de\/home\/archiv-2023\/\" class=\"more-link\"><span class=\"screen-reader-text\">\u201eArchiv 2023\u201c<\/span> weiterlesen<\/a><\/p>\n","protected":false},"author":2,"featured_media":0,"parent":0,"menu_order":0,"comment_status":"closed","ping_status":"closed","template":"","meta":{"ngg_post_thumbnail":0,"footnotes":""},"class_list":["post-4028","page","type-page","status-publish","hentry"],"_links":{"self":[{"href":"https:\/\/edith-gross.de\/home\/wp-json\/wp\/v2\/pages\/4028"}],"collection":[{"href":"https:\/\/edith-gross.de\/home\/wp-json\/wp\/v2\/pages"}],"about":[{"href":"https:\/\/edith-gross.de\/home\/wp-json\/wp\/v2\/types\/page"}],"author":[{"embeddable":true,"href":"https:\/\/edith-gross.de\/home\/wp-json\/wp\/v2\/users\/2"}],"replies":[{"embeddable":true,"href":"https:\/\/edith-gross.de\/home\/wp-json\/wp\/v2\/comments?post=4028"}],"version-history":[{"count":12,"href":"https:\/\/edith-gross.de\/home\/wp-json\/wp\/v2\/pages\/4028\/revisions"}],"predecessor-version":[{"id":4245,"href":"https:\/\/edith-gross.de\/home\/wp-json\/wp\/v2\/pages\/4028\/revisions\/4245"}],"wp:attachment":[{"href":"https:\/\/edith-gross.de\/home\/wp-json\/wp\/v2\/media?parent=4028"}],"curies":[{"name":"wp","href":"https:\/\/api.w.org\/{rel}","templated":true}]}}