{"id":3953,"date":"2023-04-07T20:48:22","date_gmt":"2023-04-07T20:48:22","guid":{"rendered":"https:\/\/edith-gross.de\/home\/?page_id=3953"},"modified":"2024-03-02T20:17:04","modified_gmt":"2024-03-02T20:17:04","slug":"karten","status":"publish","type":"page","link":"https:\/\/edith-gross.de\/home\/karten\/","title":{"rendered":"Karten"},"content":{"rendered":"\n<p><strong>Orginale Handzeichungen:<\/strong><br>Individuelle Kartenanfertigungen<br>zu besonderen Anl\u00e4ssen<br>und f\u00fcr ganz besondere Freunde&#8230;<br>eine pers\u00f6nliche und<br>einzigartige Orginal-Kunstkarte.<br>Wollen Sie jemandem eine Freude bereiten&#8230;<br>Gerne Kontaktaufnahme <br>unter 0176\/46013106 oder info@edith-gross.de<br>ngg_shortcode_0_placeholder<br><br><\/p>\n","protected":false},"excerpt":{"rendered":"<p>Orginale Handzeichungen:Individuelle Kartenanfertigungenzu besonderen Anl\u00e4ssenund f\u00fcr ganz besondere Freunde&#8230;eine pers\u00f6nliche undeinzigartige Orginal-Kunstkarte.Wollen Sie jemandem eine Freude bereiten&#8230;Gerne Kontaktaufnahme unter 0176\/46013106 oder info@edith-gross.de<\/p>\n","protected":false},"author":2,"featured_media":0,"parent":0,"menu_order":0,"comment_status":"closed","ping_status":"closed","template":"","meta":{"ngg_post_thumbnail":0,"footnotes":""},"class_list":["post-3953","page","type-page","status-publish","hentry"],"_links":{"self":[{"href":"https:\/\/edith-gross.de\/home\/wp-json\/wp\/v2\/pages\/3953"}],"collection":[{"href":"https:\/\/edith-gross.de\/home\/wp-json\/wp\/v2\/pages"}],"about":[{"href":"https:\/\/edith-gross.de\/home\/wp-json\/wp\/v2\/types\/page"}],"author":[{"embeddable":true,"href":"https:\/\/edith-gross.de\/home\/wp-json\/wp\/v2\/users\/2"}],"replies":[{"embeddable":true,"href":"https:\/\/edith-gross.de\/home\/wp-json\/wp\/v2\/comments?post=3953"}],"version-history":[{"count":8,"href":"https:\/\/edith-gross.de\/home\/wp-json\/wp\/v2\/pages\/3953\/revisions"}],"predecessor-version":[{"id":4232,"href":"https:\/\/edith-gross.de\/home\/wp-json\/wp\/v2\/pages\/3953\/revisions\/4232"}],"wp:attachment":[{"href":"https:\/\/edith-gross.de\/home\/wp-json\/wp\/v2\/media?parent=3953"}],"curies":[{"name":"wp","href":"https:\/\/api.w.org\/{rel}","templated":true}]}}