{"id":3276,"date":"2021-05-03T18:07:02","date_gmt":"2021-05-03T18:07:02","guid":{"rendered":"https:\/\/edith-gross.de\/home\/?page_id=3276"},"modified":"2023-05-22T21:20:57","modified_gmt":"2023-05-22T21:20:57","slug":"archiv-2021","status":"publish","type":"page","link":"https:\/\/edith-gross.de\/home\/archiv-2021\/","title":{"rendered":"ARCHIV 2022"},"content":{"rendered":"\n\n\n<hr class=\"wp-block-separator\">\n<p>&nbsp;<\/p>\n<table>\n<tbody>\n<tr>\n<td>\n<div class=\"wp-block-column\"><strong data-rich-text-format-boundary=\"true\">\u201eOffenes Atelier\u201c<br data-rich-text-line-break=\"true\">Ort: Fichtenstra\u00dfe 36 in F\u00fcrth<br data-rich-text-line-break=\"true\">Ausstellungstermin:&nbsp;&nbsp; 15.10.2022<br data-rich-text-line-break=\"true\">\u00d6ffnungszeiten:<br data-rich-text-line-break=\"true\">Samstag 15.00-21.00 Uhr<br>Weitere Besichtigungen nach<br>Vereinbarung.<br><\/strong><\/div>\n<\/td>\n<td><img loading=\"lazy\" decoding=\"async\" class=\"alignnone size-medium wp-image-3781\" src=\"https:\/\/edith-gross.de\/home\/wp-content\/uploads\/2022\/10\/Flyer-offenes-Atelier-1-204x300.jpg\" sizes=\"(max-width: 204px) 100vw, 204px\" srcset=\"https:\/\/edith-gross.de\/home\/wp-content\/uploads\/2022\/10\/Flyer-offenes-Atelier-1-204x300.jpg 204w, https:\/\/edith-gross.de\/home\/wp-content\/uploads\/2022\/10\/Flyer-offenes-Atelier-1.jpg 572w\" alt=\"\" width=\"204\" height=\"300\"><\/td>\n<\/tr>\n<\/tbody>\n<\/table>\n<p>&nbsp;<\/p>\n<hr class=\"wp-block-separator\"><hr class=\"wp-block-separator\">\n<table>\n<tbody>\n<tr>\n<td>\n<div class=\"wp-block-column\">\n<p><strong>\u201eMit offenen Augen\u201c<\/strong><br><strong>Ausstellung Architekturraum, Kunstraum und Naturraum<\/strong><br>mit Dialogplattform<br><strong>Matthias Dietz | Brigitte Graf-Nekola | Edith Gro\u00df | Hans Hesselbach<\/strong><br>im Treffpunkt Architektur Ober- und Mittelfranken der Bayerischen Architektenkammer<br><strong>Auf AEG 90429 N\u00fcrnberg \u2013 Muggenhofer Stra\u00dfe 135<\/strong><br><strong>vom 14.09.2022 bis 16.10.2022<\/strong><br><strong>Vernissage: 14.09.2022, 18 Uhr <\/strong><br><br><strong>Ausstellungsblicke: 18.09.2022, 15 Uhr<\/strong> <br>Philosophischer Rundgang mit Martin Lindemann <br><br><strong>Podium: 23.09.2022, 19 Uhr <\/strong><br><strong>G\u00e4ste<\/strong>:<br>Uli Olpp, Bildhauer und Architekt <br>Helmut R\u00f6sel, Landschaftsarchitekt<br>Hon.-Prof. Meike Weber, Architektin <br>Moderation: Martin Lindemann, Philosoph, Theologe, P\u00e4dagoge<br><br><strong>Spaziergang: 25.09.2022, 15 \u2013 17 Uhr <\/strong><br>Stadtspaziergang mit Martin Lindemann <br><br><strong>Finissage: 16.10.2022, 15 Uhr<\/strong><\/p>\n<\/div>\n<\/td>\n<td><img loading=\"lazy\" decoding=\"async\" class=\"alignnone size-medium wp-image-3752\" src=\"https:\/\/edith-gross.de\/home\/wp-content\/uploads\/2022\/09\/Flyer-288x300.jpg\" sizes=\"(max-width: 288px) 100vw, 288px\" srcset=\"https:\/\/edith-gross.de\/home\/wp-content\/uploads\/2022\/09\/Flyer-288x300.jpg 288w, https:\/\/edith-gross.de\/home\/wp-content\/uploads\/2022\/09\/Flyer-768x799.jpg 768w, https:\/\/edith-gross.de\/home\/wp-content\/uploads\/2022\/09\/Flyer.jpg 809w\" alt=\"\" width=\"288\" height=\"300\"><\/td>\n<\/tr>\n<\/tbody>\n<\/table>\n<hr class=\"wp-block-separator\">\n<p>&nbsp;<\/p>\n<table>\n<tbody>\n<tr>\n<td>\n<div class=\"wp-block-column\"><strong data-rich-text-format-boundary=\"true\">Kunst im Struwwelpeter<br data-rich-text-line-break=\"true\">Ort: Pilotystra\u00dfe 32 in N\u00fcrnberg<br data-rich-text-line-break=\"true\">Ausstellungstermin:&nbsp;&nbsp; 2. Juni \u2013 Ende Juli 2022<br data-rich-text-line-break=\"true\">\u00d6ffnungszeiten:<br data-rich-text-line-break=\"true\">Dienstag 9.00-20.00 Uhr<br data-rich-text-line-break=\"true\">Mittwoch-Freitag 9.00-18.00 Uhr<br data-rich-text-line-break=\"true\">Samstag 8.30-14.00 Uhr<\/strong><\/div>\n<\/td>\n<td>&nbsp;<\/td>\n<\/tr>\n<\/tbody>\n<\/table>\n<p>&nbsp;<\/p>\n<hr class=\"wp-block-separator\">\n<div class=\"wp-block-columns\">\n<div class=\"wp-block-column\">\n<div class=\"wp-block-columns\">\n<div class=\"wp-block-column\"><strong data-rich-text-format-boundary=\"true\">Kunstausstellung <br>\u201c Die unertr\u00e4gliche Leichtigkeit des Seins\u201c<br>(Milan Kundera)<br>Ort: Herz Jesu Kirche<br>Katholischer Kirchenplatz 8, Erlangen <br>\u00d6ffnungszeiten: t\u00e4glich 9.00 \u2013 17.00 Uhr <br>Ausstellungstermin:<br>22. Mai bis 22. Juni 2022 <br>Vernissage:<br>Sonntag 22. Mai 2022 um 12.00 Uhr <br>K\u00fcnstlergespr\u00e4ch:<br>Donnerstag 02. Juni 2022 um 19.00 Uhr <br>Minissage:<br>Mittwoch 22. Juni 2022 um 19.00 Uhr<br>Ausstellung verl\u00e4ngert bis<br>Montag 11. Juli 2022<\/strong><\/div>\n<div class=\"wp-block-column\">&nbsp;<\/div>\n<\/div>\n<\/div>\n<\/div>\n<table>\n<tbody>\n<tr>\n<td><img loading=\"lazy\" decoding=\"async\" class=\"alignnone wp-image-3676 size-full\" src=\"https:\/\/edith-gross.de\/home\/wp-content\/uploads\/2022\/05\/Flyer-Herz-Jesu_Edith-Gross-23-scaled.jpg\" sizes=\"(max-width: 767px) 89vw, (max-width: 1000px) 54vw, (max-width: 1071px) 543px, 580px\" srcset=\"https:\/\/edith-gross.de\/home\/wp-content\/uploads\/2022\/05\/Flyer-Herz-Jesu_Edith-Gross-23-scaled.jpg 2560w, https:\/\/edith-gross.de\/home\/wp-content\/uploads\/2022\/05\/Flyer-Herz-Jesu_Edith-Gross-23-300x106.jpg 300w, https:\/\/edith-gross.de\/home\/wp-content\/uploads\/2022\/05\/Flyer-Herz-Jesu_Edith-Gross-23-1024x363.jpg 1024w, https:\/\/edith-gross.de\/home\/wp-content\/uploads\/2022\/05\/Flyer-Herz-Jesu_Edith-Gross-23-768x272.jpg 768w, https:\/\/edith-gross.de\/home\/wp-content\/uploads\/2022\/05\/Flyer-Herz-Jesu_Edith-Gross-23-1536x545.jpg 1536w, https:\/\/edith-gross.de\/home\/wp-content\/uploads\/2022\/05\/Flyer-Herz-Jesu_Edith-Gross-23-2048x726.jpg 2048w\" alt=\"\" width=\"2560\" height=\"908\"><\/td>\n<\/tr>\n<tr>\n<td><img loading=\"lazy\" decoding=\"async\" class=\"alignnone wp-image-3675 size-full\" src=\"https:\/\/edith-gross.de\/home\/wp-content\/uploads\/2022\/05\/Flyer-Herz-Jesu_Edith-Gross-14-scaled.jpg\" sizes=\"(max-width: 767px) 89vw, (max-width: 1000px) 54vw, (max-width: 1071px) 543px, 580px\" srcset=\"https:\/\/edith-gross.de\/home\/wp-content\/uploads\/2022\/05\/Flyer-Herz-Jesu_Edith-Gross-14-scaled.jpg 2560w, https:\/\/edith-gross.de\/home\/wp-content\/uploads\/2022\/05\/Flyer-Herz-Jesu_Edith-Gross-14-300x106.jpg 300w, https:\/\/edith-gross.de\/home\/wp-content\/uploads\/2022\/05\/Flyer-Herz-Jesu_Edith-Gross-14-1024x363.jpg 1024w, https:\/\/edith-gross.de\/home\/wp-content\/uploads\/2022\/05\/Flyer-Herz-Jesu_Edith-Gross-14-768x272.jpg 768w, https:\/\/edith-gross.de\/home\/wp-content\/uploads\/2022\/05\/Flyer-Herz-Jesu_Edith-Gross-14-1536x545.jpg 1536w, https:\/\/edith-gross.de\/home\/wp-content\/uploads\/2022\/05\/Flyer-Herz-Jesu_Edith-Gross-14-2048x726.jpg 2048w\" alt=\"\" width=\"2560\" height=\"908\"><\/td>\n<\/tr>\n<\/tbody>\n<\/table>\n<hr class=\"wp-block-separator\">\n<p>&nbsp;<\/p>\n<p>&nbsp;<\/p>\n<table>\n<tbody>\n<tr>\n<td>\n<div class=\"wp-block-column\"><strong data-rich-text-format-boundary=\"true\">\u201eEvas T\u00f6chter\u201c mit und ohne<br>Gedok Franken<br data-rich-text-line-break=\"true\">Ort: Stadtmuseum Schwabach<br data-rich-text-line-break=\"true\">Ausstellungstermin:&nbsp;&nbsp; 10.04-5.06.2022<br data-rich-text-line-break=\"true\">Vernissage: 10.04.2022<br data-rich-text-line-break=\"true\"><br><\/strong><\/div>\n<\/td>\n<td>&nbsp;<\/td>\n<\/tr>\n<\/tbody>\n<\/table>\n<p>&nbsp;<\/p>\n<p>&nbsp;<\/p>\n<hr class=\"wp-block-separator\">\n<p>&nbsp;<\/p>\n<p>&nbsp;<\/p>\n<table>\n<tbody>\n<tr>\n<td>\n<div class=\"wp-block-column\"><strong data-rich-text-format-boundary=\"true\"><br><\/strong>\n<p><strong>Gruppenausstellung \u201e<\/strong><a href=\"http:\/\/edith-gross.de\/home\/bildergalerie\/\"><strong>MALSTUNDE 2022\u2033<\/strong><\/a><strong><br>Offenes B\u00fcro (DLZ-Bau) in N\u00fcrnberg<br>Ort:&nbsp; N\u00fcrnberg<br>Lorenzer Stra\u00dfe 30<\/strong><br><strong>12. 04. 2022 \u2013 05. 05. 2022<br>Vernissage 12.04.2022, 18.00 Uhr<br>Finissage 06.05.2022, 17.00 Uhr<br><\/strong><\/p>\n<\/div>\n<\/td>\n<td><img loading=\"lazy\" decoding=\"async\" class=\"alignnone wp-image-3659 size-medium\" src=\"https:\/\/edith-gross.de\/home\/wp-content\/uploads\/2022\/04\/Plakat-Austellung-A2-Korr-2-212x300.jpg\" sizes=\"(max-width: 212px) 100vw, 212px\" srcset=\"https:\/\/edith-gross.de\/home\/wp-content\/uploads\/2022\/04\/Plakat-Austellung-A2-Korr-2-212x300.jpg 212w, https:\/\/edith-gross.de\/home\/wp-content\/uploads\/2022\/04\/Plakat-Austellung-A2-Korr-2-724x1024.jpg 724w, https:\/\/edith-gross.de\/home\/wp-content\/uploads\/2022\/04\/Plakat-Austellung-A2-Korr-2-768x1086.jpg 768w, https:\/\/edith-gross.de\/home\/wp-content\/uploads\/2022\/04\/Plakat-Austellung-A2-Korr-2-1086x1536.jpg 1086w, https:\/\/edith-gross.de\/home\/wp-content\/uploads\/2022\/04\/Plakat-Austellung-A2-Korr-2.jpg 1190w\" alt=\"\" width=\"212\" height=\"300\"><\/td>\n<\/tr>\n<\/tbody>\n<\/table>\n\n\n\n<hr class=\"wp-block-separator\"\/>\n","protected":false},"excerpt":{"rendered":"<p>&nbsp; \u201eOffenes Atelier\u201cOrt: Fichtenstra\u00dfe 36 in F\u00fcrthAusstellungstermin:&nbsp;&nbsp; 15.10.2022\u00d6ffnungszeiten:Samstag 15.00-21.00 UhrWeitere Besichtigungen nachVereinbarung. &nbsp; \u201eMit offenen Augen\u201cAusstellung Architekturraum, Kunstraum und Naturraummit DialogplattformMatthias Dietz | Brigitte Graf-Nekola | Edith Gro\u00df | Hans Hesselbachim Treffpunkt Architektur Ober- und Mittelfranken der Bayerischen ArchitektenkammerAuf AEG 90429 N\u00fcrnberg \u2013 Muggenhofer Stra\u00dfe 135vom 14.09.2022 bis 16.10.2022Vernissage: 14.09.2022, 18 Uhr Ausstellungsblicke: 18.09.2022, 15 &hellip; <\/p>\n<p class=\"link-more\"><a href=\"https:\/\/edith-gross.de\/home\/archiv-2021\/\" class=\"more-link\"><span class=\"screen-reader-text\">\u201eARCHIV 2022\u201c<\/span> weiterlesen<\/a><\/p>\n","protected":false},"author":2,"featured_media":0,"parent":0,"menu_order":0,"comment_status":"closed","ping_status":"closed","template":"","meta":{"ngg_post_thumbnail":0,"footnotes":""},"class_list":["post-3276","page","type-page","status-publish","hentry"],"_links":{"self":[{"href":"https:\/\/edith-gross.de\/home\/wp-json\/wp\/v2\/pages\/3276"}],"collection":[{"href":"https:\/\/edith-gross.de\/home\/wp-json\/wp\/v2\/pages"}],"about":[{"href":"https:\/\/edith-gross.de\/home\/wp-json\/wp\/v2\/types\/page"}],"author":[{"embeddable":true,"href":"https:\/\/edith-gross.de\/home\/wp-json\/wp\/v2\/users\/2"}],"replies":[{"embeddable":true,"href":"https:\/\/edith-gross.de\/home\/wp-json\/wp\/v2\/comments?post=3276"}],"version-history":[{"count":65,"href":"https:\/\/edith-gross.de\/home\/wp-json\/wp\/v2\/pages\/3276\/revisions"}],"predecessor-version":[{"id":4027,"href":"https:\/\/edith-gross.de\/home\/wp-json\/wp\/v2\/pages\/3276\/revisions\/4027"}],"wp:attachment":[{"href":"https:\/\/edith-gross.de\/home\/wp-json\/wp\/v2\/media?parent=3276"}],"curies":[{"name":"wp","href":"https:\/\/api.w.org\/{rel}","templated":true}]}}