{"id":2709,"date":"2020-04-20T20:33:22","date_gmt":"2020-04-20T20:33:22","guid":{"rendered":"http:\/\/edith-gross.de\/home\/?page_id=2709"},"modified":"2026-04-15T15:16:23","modified_gmt":"2026-04-15T15:16:23","slug":"oel-acryl-pigment","status":"publish","type":"page","link":"https:\/\/edith-gross.de\/home\/bildergalerie\/oel-acryl-pigment\/","title":{"rendered":"\u00d6l\/ ACRYL\/ PIGMENT"},"content":{"rendered":"\n<hr class=\"wp-block-separator has-css-opacity\"\/>\n\n\n\n<p><span class=\"aligncenter\"><strong>NEUES AUS DEM ATELIER&#8230;<\/strong><\/span>ngg_shortcode_0_placeholder<br><span class=\"aligncenter\"><strong>FLOWER POWER<\/strong><\/span>ngg_shortcode_1_placeholder<br><span class=\"aligncenter\"><strong>&#8222;DER WIND, DER MICH TR\u00c4GT&#8230;&#8220;<\/strong><\/span>ngg_shortcode_2_placeholder<\/p>\n\n\n\n<p><span class=\"aligncenter\"><strong>FIGUREN MIT GESCHICHTEN&nbsp; <\/strong><\/span>ngg_shortcode_3_placeholder<br>ngg_shortcode_4_placeholder<br>ngg_shortcode_5_placeholder<br>ngg_shortcode_6_placeholder<br>ngg_shortcode_7_placeholder<\/p>\n\n\n\n<p><span class=\"aligncenter\"><strong>INFORMEL\/ ABSTRAKT<\/strong><\/span>ngg_shortcode_8_placeholder<br>ngg_shortcode_9_placeholder<\/p>\n\n\n\n<p><span class=\"aligncenter\"><strong>DIE UNERTR\u00c4GLICHE LEICHTIGKEIT DES SEINS (MILAN KUNDERA)<\/strong><\/span>ngg_shortcode_10_placeholder<br>ngg_shortcode_11_placeholder<\/p>\n\n\n\n<p><span class=\"aligncenter\"><strong>MAGISCHE ORTE&#8230;<\/strong><\/span>ngg_shortcode_12_placeholder<\/p>\n\n\n\n<p><span class=\"aligncenter\"><strong>ST\u00d6RCHE UND ANDERE MYSTISCHE WESEN<\/strong><\/span>ngg_shortcode_13_placeholder<\/p>\n\n\n\n<h4 class=\"wp-block-heading\"><strong>BILDBESCHREIBUNGEN<\/strong><\/h4>\n\n\n\n\n\n<figure class=\"wp-block-image alignleft size-large is-resized\"><img loading=\"lazy\" decoding=\"async\" width=\"1024\" height=\"422\" src=\"https:\/\/edith-gross.de\/home\/wp-content\/uploads\/2021\/05\/gross-edith_die-erde-ist-schoen...r-1024x422.jpg\" alt=\"&quot;Die Erde ist sch\u00f6n\u2026&quot;\nAcrylic\/ canvas\nsize 70 x 180 cm, 4 parts\" class=\"wp-image-3321\" style=\"width:325px;height:134px\" srcset=\"https:\/\/edith-gross.de\/home\/wp-content\/uploads\/2021\/05\/gross-edith_die-erde-ist-schoen...r-1024x422.jpg 1024w, https:\/\/edith-gross.de\/home\/wp-content\/uploads\/2021\/05\/gross-edith_die-erde-ist-schoen...r-300x124.jpg 300w, https:\/\/edith-gross.de\/home\/wp-content\/uploads\/2021\/05\/gross-edith_die-erde-ist-schoen...r-768x316.jpg 768w, https:\/\/edith-gross.de\/home\/wp-content\/uploads\/2021\/05\/gross-edith_die-erde-ist-schoen...r-1536x633.jpg 1536w, https:\/\/edith-gross.de\/home\/wp-content\/uploads\/2021\/05\/gross-edith_die-erde-ist-schoen...r-2048x844.jpg 2048w\" sizes=\"(max-width: 767px) 89vw, (max-width: 1000px) 54vw, (max-width: 1071px) 543px, 580px\" \/><figcaption class=\"wp-element-caption\"><strong>&#8222;Die Erde ist sch\u00f6n\u2026&#8220;<br>Acrylic\/ canvas<br>size 70 x 180 cm<\/strong>, 4 parts<\/figcaption><\/figure>\n\n\n\n<p><\/p>\n\n\n\n<p style=\"text-align: right;\">Vielfalt lieben und denken und daf\u00fcr zu sorgen, dass dies auch in Zukunft so bleibt:<br>Rosarot, Maigr\u00fcn und Himmelblau! <br>Wie mit einer Zeitraffer-Kamera l\u00e4uft ein Film und hinterl\u00e4sst diese bewegenden Bildsequenzen.&nbsp;Der vielf\u00e4ltige und farbenfrohe Landstrich verschwindet so nach und nach. Erst der Gletscher, die Tierwelt, die Artenvielfalt der Pflanzen. Es bleibt eine gro\u00dfe Leere, eine <span lang=\"de-DE\">apokalyptische Welt<\/span>. Das Kunstwerk inspiriert <span lang=\"de-DE\">zum Dialog mit der Natur und zum Nachdenken \u00fcber die Auswirkungen des Menschen auf die Natur. Es will durch die Kreativit\u00e4t der Kunst zur Bildung einer solideren \u00f6kologischen Kultur in unserer Gesellschaft beizutragen. &#8222;Das Naturerbe bewahren&#8220; hei\u00dft auch das menschliche Erbe bewahren.<\/span><\/p>\n\n\n\n<table style=\"border-collapse: collapse; width: 100%;\">\n<tbody>\n<tr>\n<td style=\"width: 50%;\">\n<figure class=\"wp-block-image size-large\"><img loading=\"lazy\" decoding=\"async\" width=\"1024\" height=\"486\" class=\"wp-image-3068\" src=\"https:\/\/edith-gross.de\/home\/wp-content\/uploads\/2021\/02\/gross_green-belt-movement-1-gesamtgr\u00f6\u00dfe120x280-cm-4-teilig-1024x486.jpg\" alt=\"Acryl auf LW, handgewebtes, altes Leinen, Gr\u00f6\u00dfe 120x280 cm, 4-teilig.\" srcset=\"https:\/\/edith-gross.de\/home\/wp-content\/uploads\/2021\/02\/gross_green-belt-movement-1-gesamtgr\u00f6\u00dfe120x280-cm-4-teilig-1024x486.jpg 1024w, https:\/\/edith-gross.de\/home\/wp-content\/uploads\/2021\/02\/gross_green-belt-movement-1-gesamtgr\u00f6\u00dfe120x280-cm-4-teilig-300x142.jpg 300w, https:\/\/edith-gross.de\/home\/wp-content\/uploads\/2021\/02\/gross_green-belt-movement-1-gesamtgr\u00f6\u00dfe120x280-cm-4-teilig-768x365.jpg 768w, https:\/\/edith-gross.de\/home\/wp-content\/uploads\/2021\/02\/gross_green-belt-movement-1-gesamtgr\u00f6\u00dfe120x280-cm-4-teilig.jpg 1059w\" sizes=\"(max-width: 767px) 89vw, (max-width: 1000px) 54vw, (max-width: 1071px) 543px, 580px\" \/>\n<figcaption>&#8222;<strong>Green Belt Movement<\/strong>&#8222;<br><strong>Acrylic\/ canvas, hand-woven old linen,<br>size 120 x 280 cm, 4 parts.<\/strong><\/figcaption>\n<\/figure>\n<\/td>\n<td style=\"width: 50%;\">\n<p><span style=\"font-family: Arial, sans-serif;\">&#8222;When we plant trees, we plant the seeds of peace and hope&#8220; (Wangari Maathai)<\/span><\/p>\n<p><span style=\"font-family: Arial, sans-serif;\">This picture is a tribute to Wangari Maathai, the first African woman to receive the Nobel Peace Prize. With her work &#8222;Green Belt Movement&#8220;, the planting of over 30 million trees in Kenya, she realized her vision for climate and environmental protection.<\/span><\/p>\n<p><span style=\"font-family: Arial, sans-serif;\">It&#8217;s my vision that the empty areas in the picture will also turn to green.<\/span><\/p>\n<\/td>\n<\/tr>\n<\/tbody>\n<\/table>\n\n\n\n<h2 class=\"wp-block-heading\"><a href=\"https:\/\/edith-gross.de\/home\/bildergalerie\/aquarell\/\">WEITER ZU AQUARELL<\/a><\/h2>\n\n\n","protected":false},"excerpt":{"rendered":"<p>NEUES AUS DEM ATELIER&#8230;FLOWER POWER&#8222;DER WIND, DER MICH TR\u00c4GT&#8230;&#8220; FIGUREN MIT GESCHICHTEN&nbsp; INFORMEL\/ ABSTRAKT DIE UNERTR\u00c4GLICHE LEICHTIGKEIT DES SEINS (MILAN KUNDERA) MAGISCHE ORTE&#8230; ST\u00d6RCHE UND ANDERE MYSTISCHE WESEN BILDBESCHREIBUNGEN Vielfalt lieben und denken und daf\u00fcr zu sorgen, dass dies auch in Zukunft so bleibt:Rosarot, Maigr\u00fcn und Himmelblau! Wie mit einer Zeitraffer-Kamera l\u00e4uft ein Film und &hellip; <\/p>\n<p class=\"link-more\"><a href=\"https:\/\/edith-gross.de\/home\/bildergalerie\/oel-acryl-pigment\/\" class=\"more-link\"><span class=\"screen-reader-text\">\u201e\u00d6l\/ ACRYL\/ PIGMENT\u201c<\/span> weiterlesen<\/a><\/p>\n","protected":false},"author":2,"featured_media":0,"parent":1123,"menu_order":0,"comment_status":"closed","ping_status":"closed","template":"","meta":{"ngg_post_thumbnail":0,"footnotes":""},"class_list":["post-2709","page","type-page","status-publish","hentry"],"_links":{"self":[{"href":"https:\/\/edith-gross.de\/home\/wp-json\/wp\/v2\/pages\/2709"}],"collection":[{"href":"https:\/\/edith-gross.de\/home\/wp-json\/wp\/v2\/pages"}],"about":[{"href":"https:\/\/edith-gross.de\/home\/wp-json\/wp\/v2\/types\/page"}],"author":[{"embeddable":true,"href":"https:\/\/edith-gross.de\/home\/wp-json\/wp\/v2\/users\/2"}],"replies":[{"embeddable":true,"href":"https:\/\/edith-gross.de\/home\/wp-json\/wp\/v2\/comments?post=2709"}],"version-history":[{"count":116,"href":"https:\/\/edith-gross.de\/home\/wp-json\/wp\/v2\/pages\/2709\/revisions"}],"predecessor-version":[{"id":4700,"href":"https:\/\/edith-gross.de\/home\/wp-json\/wp\/v2\/pages\/2709\/revisions\/4700"}],"up":[{"embeddable":true,"href":"https:\/\/edith-gross.de\/home\/wp-json\/wp\/v2\/pages\/1123"}],"wp:attachment":[{"href":"https:\/\/edith-gross.de\/home\/wp-json\/wp\/v2\/media?parent=2709"}],"curies":[{"name":"wp","href":"https:\/\/api.w.org\/{rel}","templated":true}]}}