{"id":2629,"date":"2020-04-19T18:51:09","date_gmt":"2020-04-19T18:51:09","guid":{"rendered":"http:\/\/edith-gross.de\/home\/?page_id=2629"},"modified":"2020-04-19T19:28:18","modified_gmt":"2020-04-19T19:28:18","slug":"1913-2","status":"publish","type":"page","link":"https:\/\/edith-gross.de\/home\/archiv\/1913-2\/","title":{"rendered":"ARCHIV 2013"},"content":{"rendered":"\n<figure class=\"wp-block-image\"><img decoding=\"async\" src=\"http:\/\/edith-gross.de\/home\/wp-content\/uploads\/2013\/06\/2_gross_edith_lebensfreude.jpg\" alt=\"\" class=\"wp-image-243\"\/><figcaption> <br><strong>Jahresausstellung&nbsp; zeitgen\u00f6ssischer Kunst des fr\u00e4nkischen K\u00fcnstlerbundes,<br>Plassenburg Kulmbach 07. 07. \u2013 07. 09. 2013<\/strong> <\/figcaption><\/figure>\n\n\n\n<figure class=\"wp-block-image\"><img loading=\"lazy\" decoding=\"async\" width=\"724\" height=\"1024\" src=\"http:\/\/edith-gross.de\/home\/wp-content\/uploads\/2013\/02\/Plakat-Austellung-klein-724x1024.jpg\" alt=\"\" class=\"wp-image-114\" srcset=\"https:\/\/edith-gross.de\/home\/wp-content\/uploads\/2013\/02\/Plakat-Austellung-klein-724x1024.jpg 724w, https:\/\/edith-gross.de\/home\/wp-content\/uploads\/2013\/02\/Plakat-Austellung-klein-212x300.jpg 212w, https:\/\/edith-gross.de\/home\/wp-content\/uploads\/2013\/02\/Plakat-Austellung-klein-768x1086.jpg 768w, https:\/\/edith-gross.de\/home\/wp-content\/uploads\/2013\/02\/Plakat-Austellung-klein.jpg 877w\" sizes=\"(max-width: 724px) 100vw, 724px\" \/><figcaption> <br><strong>Gruppenausstellung \u201eMalstunde 2013 in N\u00fcrnberg\u201c<br>Offenes B\u00fcro (DLZ-Bau) Lorenzer Str.30<br>Vernissage: Di&nbsp; 05. 03. 2013, 18 H<br>Finissage: Fr&nbsp; 22. 03. 2013, 18 H<\/strong> <\/figcaption><\/figure>\n\n\n\n<h2 class=\"wp-block-heading\"><a href=\"https:\/\/edith-gross.de\/home\/bildergalerie\/\">Zur Bildergalerie<\/a><\/h2>\n","protected":false},"excerpt":{"rendered":"<p>Zur Bildergalerie<\/p>\n","protected":false},"author":2,"featured_media":0,"parent":1838,"menu_order":0,"comment_status":"closed","ping_status":"closed","template":"","meta":{"ngg_post_thumbnail":0,"footnotes":""},"class_list":["post-2629","page","type-page","status-publish","hentry"],"_links":{"self":[{"href":"https:\/\/edith-gross.de\/home\/wp-json\/wp\/v2\/pages\/2629"}],"collection":[{"href":"https:\/\/edith-gross.de\/home\/wp-json\/wp\/v2\/pages"}],"about":[{"href":"https:\/\/edith-gross.de\/home\/wp-json\/wp\/v2\/types\/page"}],"author":[{"embeddable":true,"href":"https:\/\/edith-gross.de\/home\/wp-json\/wp\/v2\/users\/2"}],"replies":[{"embeddable":true,"href":"https:\/\/edith-gross.de\/home\/wp-json\/wp\/v2\/comments?post=2629"}],"version-history":[{"count":5,"href":"https:\/\/edith-gross.de\/home\/wp-json\/wp\/v2\/pages\/2629\/revisions"}],"predecessor-version":[{"id":2655,"href":"https:\/\/edith-gross.de\/home\/wp-json\/wp\/v2\/pages\/2629\/revisions\/2655"}],"up":[{"embeddable":true,"href":"https:\/\/edith-gross.de\/home\/wp-json\/wp\/v2\/pages\/1838"}],"wp:attachment":[{"href":"https:\/\/edith-gross.de\/home\/wp-json\/wp\/v2\/media?parent=2629"}],"curies":[{"name":"wp","href":"https:\/\/api.w.org\/{rel}","templated":true}]}}