{"id":2621,"date":"2020-04-19T18:49:03","date_gmt":"2020-04-19T18:49:03","guid":{"rendered":"http:\/\/edith-gross.de\/home\/?page_id=2621"},"modified":"2022-11-30T15:46:11","modified_gmt":"2022-11-30T15:46:11","slug":"2014-2","status":"publish","type":"page","link":"https:\/\/edith-gross.de\/home\/archiv\/2014-2\/","title":{"rendered":"ARCHIV 2014"},"content":{"rendered":"\n<figure class=\"wp-block-image\"><img loading=\"lazy\" decoding=\"async\" width=\"912\" height=\"645\" src=\"http:\/\/edith-gross.de\/home\/wp-content\/uploads\/2014\/09\/gross_1_klein.jpg\" alt=\"\" class=\"wp-image-456\" srcset=\"https:\/\/edith-gross.de\/home\/wp-content\/uploads\/2014\/09\/gross_1_klein.jpg 912w, https:\/\/edith-gross.de\/home\/wp-content\/uploads\/2014\/09\/gross_1_klein-300x212.jpg 300w, https:\/\/edith-gross.de\/home\/wp-content\/uploads\/2014\/09\/gross_1_klein-768x543.jpg 768w\" sizes=\"(max-width: 767px) 89vw, (max-width: 1000px) 54vw, (max-width: 1071px) 543px, 580px\" \/><figcaption>Titel: Computer Worm, Trojaner   Technik: Computerschrott Material: circa 2500 CDs, Metall, LEDs Gr\u00f6\u00dfe circa 15\/200\/100 cm- <br><strong>Nominiert f\u00fcr den Hans-von-Kulmbach Preis!<br>3. internationale Ausstellung Kunstverein Kulmbach 28. 09 \u2013 0 2. 11. 2014<br>Vernissage in Kulmbach auf der Plassenburg So&nbsp; 28. 09. 2014, 11 H<\/strong> <\/figcaption><\/figure>\n\n\n\n<figure class=\"wp-block-image\"><img loading=\"lazy\" decoding=\"async\" width=\"829\" height=\"660\" src=\"http:\/\/edith-gross.de\/home\/wp-content\/uploads\/2013\/06\/gross_sturm_01.jpg\" alt=\"\" class=\"wp-image-391\" srcset=\"https:\/\/edith-gross.de\/home\/wp-content\/uploads\/2013\/06\/gross_sturm_01.jpg 829w, https:\/\/edith-gross.de\/home\/wp-content\/uploads\/2013\/06\/gross_sturm_01-300x239.jpg 300w, https:\/\/edith-gross.de\/home\/wp-content\/uploads\/2013\/06\/gross_sturm_01-768x611.jpg 768w\" sizes=\"(max-width: 767px) 89vw, (max-width: 1000px) 54vw, (max-width: 1071px) 543px, 580px\" \/><figcaption> <br><strong>Jahresausstellung&nbsp; zeitgen\u00f6ssischer Kunst des fr\u00e4nkischen K\u00fcnstlerbundes,<br>Plassenburg Kulmbach 06. 07. \u2013 06. 09. 2014<br>Vernissage So&nbsp; 06.07. 2014, 11.15 H<\/strong> <\/figcaption><\/figure>\n\n\n\n<figure class=\"wp-block-image\"><img loading=\"lazy\" decoding=\"async\" width=\"524\" height=\"744\" src=\"http:\/\/edith-gross.de\/home\/wp-content\/uploads\/2013\/06\/malstunde2014.jpg\" alt=\"\" class=\"wp-image-286\" srcset=\"https:\/\/edith-gross.de\/home\/wp-content\/uploads\/2013\/06\/malstunde2014.jpg 524w, https:\/\/edith-gross.de\/home\/wp-content\/uploads\/2013\/06\/malstunde2014-211x300.jpg 211w\" sizes=\"(max-width: 524px) 100vw, 524px\" \/><figcaption> <br><strong>Danke f\u00fcr den Publikumspreis!<br>Gruppenausstellung \u201eMalstunde 2014 in N\u00fcrnberg\u201c<br>Offenes B\u00fcro (DLZ-Bau) Lorenzer Str.30<br>Vernissage:  Di&nbsp; 11. 03. 2014, 18 H<br>Finissage:  Fr&nbsp; 28. 03. 2014, 17 H<\/strong> <\/figcaption><\/figure>\n\n\n\n<p><a href=\"https:\/\/edith-gross.de\/home\/archiv\/1913-2\/\">ARCHIV 2013<\/a><\/p>\n","protected":false},"excerpt":{"rendered":"<p>ARCHIV 2013<\/p>\n","protected":false},"author":2,"featured_media":0,"parent":1838,"menu_order":0,"comment_status":"closed","ping_status":"closed","template":"","meta":{"ngg_post_thumbnail":0,"footnotes":""},"class_list":["post-2621","page","type-page","status-publish","hentry"],"_links":{"self":[{"href":"https:\/\/edith-gross.de\/home\/wp-json\/wp\/v2\/pages\/2621"}],"collection":[{"href":"https:\/\/edith-gross.de\/home\/wp-json\/wp\/v2\/pages"}],"about":[{"href":"https:\/\/edith-gross.de\/home\/wp-json\/wp\/v2\/types\/page"}],"author":[{"embeddable":true,"href":"https:\/\/edith-gross.de\/home\/wp-json\/wp\/v2\/users\/2"}],"replies":[{"embeddable":true,"href":"https:\/\/edith-gross.de\/home\/wp-json\/wp\/v2\/comments?post=2621"}],"version-history":[{"count":4,"href":"https:\/\/edith-gross.de\/home\/wp-json\/wp\/v2\/pages\/2621\/revisions"}],"predecessor-version":[{"id":3872,"href":"https:\/\/edith-gross.de\/home\/wp-json\/wp\/v2\/pages\/2621\/revisions\/3872"}],"up":[{"embeddable":true,"href":"https:\/\/edith-gross.de\/home\/wp-json\/wp\/v2\/pages\/1838"}],"wp:attachment":[{"href":"https:\/\/edith-gross.de\/home\/wp-json\/wp\/v2\/media?parent=2621"}],"curies":[{"name":"wp","href":"https:\/\/api.w.org\/{rel}","templated":true}]}}