{"id":2522,"date":"2020-04-12T08:46:37","date_gmt":"2020-04-12T08:46:37","guid":{"rendered":"http:\/\/edith-gross.de\/home\/?page_id=2522"},"modified":"2020-04-19T19:28:34","modified_gmt":"2020-04-19T19:28:34","slug":"2019-2","status":"publish","type":"page","link":"https:\/\/edith-gross.de\/home\/archiv\/2019-2\/","title":{"rendered":"ARCHIV 2019"},"content":{"rendered":"\n<figure class=\"wp-block-image\"><img loading=\"lazy\" decoding=\"async\" width=\"807\" height=\"831\" src=\"http:\/\/edith-gross.de\/home\/wp-content\/uploads\/2019\/11\/Einladung-Hier-jetzt.jpg\" alt=\"\" class=\"wp-image-2369\" srcset=\"https:\/\/edith-gross.de\/home\/wp-content\/uploads\/2019\/11\/Einladung-Hier-jetzt.jpg 807w, https:\/\/edith-gross.de\/home\/wp-content\/uploads\/2019\/11\/Einladung-Hier-jetzt-291x300.jpg 291w, https:\/\/edith-gross.de\/home\/wp-content\/uploads\/2019\/11\/Einladung-Hier-jetzt-768x791.jpg 768w\" sizes=\"(max-width: 767px) 89vw, (max-width: 1000px) 54vw, (max-width: 1071px) 543px, 580px\" \/><figcaption> <br><strong>Gruppenausstellung GEDOK-FRANKEN \u201e<a href=\"http:\/\/edith-gross.de\/home\/bildergalerie\/\">HIER +JETZT\u201c<\/a><br>Ort:&nbsp; LRA Bamberg Ludwigstra\u00dfe 23 96052 Bamberg<\/strong> <\/figcaption><\/figure>\n\n\n\n<figure class=\"wp-block-image\"><img loading=\"lazy\" decoding=\"async\" width=\"794\" height=\"397\" src=\"http:\/\/edith-gross.de\/home\/wp-content\/uploads\/2019\/09\/Baiersdorf_PRINT-Seite001.jpg\" alt=\"\" class=\"wp-image-2313\" srcset=\"https:\/\/edith-gross.de\/home\/wp-content\/uploads\/2019\/09\/Baiersdorf_PRINT-Seite001.jpg 794w, https:\/\/edith-gross.de\/home\/wp-content\/uploads\/2019\/09\/Baiersdorf_PRINT-Seite001-300x150.jpg 300w, https:\/\/edith-gross.de\/home\/wp-content\/uploads\/2019\/09\/Baiersdorf_PRINT-Seite001-768x384.jpg 768w\" sizes=\"(max-width: 767px) 89vw, (max-width: 1000px) 54vw, (max-width: 1071px) 543px, 580px\" \/><\/figure>\n\n\n\n<figure class=\"wp-block-image\"><img loading=\"lazy\" decoding=\"async\" width=\"794\" height=\"397\" src=\"http:\/\/edith-gross.de\/home\/wp-content\/uploads\/2019\/09\/Baiersdorf_PRINT-Seite002.jpg\" alt=\"\" class=\"wp-image-2314\" srcset=\"https:\/\/edith-gross.de\/home\/wp-content\/uploads\/2019\/09\/Baiersdorf_PRINT-Seite002.jpg 794w, https:\/\/edith-gross.de\/home\/wp-content\/uploads\/2019\/09\/Baiersdorf_PRINT-Seite002-300x150.jpg 300w, https:\/\/edith-gross.de\/home\/wp-content\/uploads\/2019\/09\/Baiersdorf_PRINT-Seite002-768x384.jpg 768w\" sizes=\"(max-width: 767px) 89vw, (max-width: 1000px) 54vw, (max-width: 1071px) 543px, 580px\" \/><figcaption> <br><strong>Gruppenausstellung  \u201e<\/strong><a href=\"http:\/\/edith-gross.de\/home\/bildergalerie\/\"><strong>so oder anders\u201c<\/strong><\/a><strong><br>Ort:&nbsp; Rathaus Baiersdorf Waaggasse 2<\/strong><br><strong>Ausstellungstermin: 01. 10. 2019 \u2013 22.11. 2019<br>Midissage: Do 24. 10. 2019, 18.30<\/strong> <\/figcaption><\/figure>\n\n\n\n<figure class=\"wp-block-image\"><img loading=\"lazy\" decoding=\"async\" width=\"576\" height=\"845\" src=\"http:\/\/edith-gross.de\/home\/wp-content\/uploads\/2019\/09\/Flyer-web.jpg\" alt=\"\" class=\"wp-image-2354\" srcset=\"https:\/\/edith-gross.de\/home\/wp-content\/uploads\/2019\/09\/Flyer-web.jpg 576w, https:\/\/edith-gross.de\/home\/wp-content\/uploads\/2019\/09\/Flyer-web-204x300.jpg 204w\" sizes=\"(max-width: 576px) 100vw, 576px\" \/><figcaption> <br><strong>Gruppenausstellung  \u201e<\/strong><a href=\"http:\/\/edith-gross.de\/home\/bildergalerie\/\"><strong>so oder anders\u201c<\/strong><\/a><strong><br>Ort:&nbsp; Rathaus Baiersdorf Waaggasse 2<\/strong><br><strong>Ausstellungstermin: 01. 10. 2019 \u2013 22.11. 2019<br>Midissage: Do 24. 10. 2019, 18.30<\/strong> <\/figcaption><\/figure>\n\n\n\n<figure class=\"wp-block-image\"><img loading=\"lazy\" decoding=\"async\" width=\"656\" height=\"658\" src=\"http:\/\/edith-gross.de\/home\/wp-content\/uploads\/2019\/02\/gross-edith-und-alle-schauen-weg.jpg\" alt=\"\" class=\"wp-image-2036\" srcset=\"https:\/\/edith-gross.de\/home\/wp-content\/uploads\/2019\/02\/gross-edith-und-alle-schauen-weg.jpg 656w, https:\/\/edith-gross.de\/home\/wp-content\/uploads\/2019\/02\/gross-edith-und-alle-schauen-weg-150x150.jpg 150w, https:\/\/edith-gross.de\/home\/wp-content\/uploads\/2019\/02\/gross-edith-und-alle-schauen-weg-300x300.jpg 300w, https:\/\/edith-gross.de\/home\/wp-content\/uploads\/2019\/02\/gross-edith-und-alle-schauen-weg-100x100.jpg 100w\" sizes=\"(max-width: 656px) 100vw, 656px\" \/><figcaption> <br><strong>Gruppenausstellung \u201e<\/strong><a href=\"http:\/\/edith-gross.de\/home\/bildergalerie\/\"><strong>SPRACHLOS\u201c&nbsp;<\/strong><\/a><strong>Kreuz+Quer<br>Ort:&nbsp; Erlangen Bohlenplatz 1<\/strong><br><strong>Ausstellungstermin: 22. 02. 2019 \u2013 07. 05. 2019<br>Vernissage:  Fr 22. 02. 2019, 17.00 H<\/strong><br><strong>Finissage: Di 07. 05. 2019, 17.00 H<\/strong> <\/figcaption><\/figure>\n\n\n\n<figure class=\"wp-block-image\"><img loading=\"lazy\" decoding=\"async\" width=\"724\" height=\"1024\" src=\"http:\/\/edith-gross.de\/home\/wp-content\/uploads\/2019\/03\/Malstunde-2019-Korrektur-724x1024.jpg\" alt=\"\" class=\"wp-image-2194\" srcset=\"https:\/\/edith-gross.de\/home\/wp-content\/uploads\/2019\/03\/Malstunde-2019-Korrektur-724x1024.jpg 724w, https:\/\/edith-gross.de\/home\/wp-content\/uploads\/2019\/03\/Malstunde-2019-Korrektur-212x300.jpg 212w, https:\/\/edith-gross.de\/home\/wp-content\/uploads\/2019\/03\/Malstunde-2019-Korrektur-768x1086.jpg 768w, https:\/\/edith-gross.de\/home\/wp-content\/uploads\/2019\/03\/Malstunde-2019-Korrektur.jpg 905w\" sizes=\"(max-width: 724px) 100vw, 724px\" \/><figcaption> <br><strong>Gruppenausstellung \u201e<\/strong><a href=\"http:\/\/edith-gross.de\/home\/bildergalerie\/\"><strong>MALSTUNDE 2019\u2033<\/strong><\/a><strong><br>Offenes B\u00fcro (DLZ-Bau) in N\u00fcrnberg<br>Ort:&nbsp; N\u00fcrnberg Lorenzer Stra\u00dfe 30<\/strong><br> <strong>Ausstellungstermin: 13. 03. 2019 \u2013 05. 04. 2019<\/strong> <\/figcaption><\/figure>\n\n\n\n<h2 class=\"wp-block-heading\"><a href=\"https:\/\/edith-gross.de\/home\/archiv\/2018-2\/\">zu Archiv 2018<\/a><\/h2>\n","protected":false},"excerpt":{"rendered":"<p>zu Archiv 2018<\/p>\n","protected":false},"author":2,"featured_media":0,"parent":1838,"menu_order":1,"comment_status":"closed","ping_status":"closed","template":"","meta":{"ngg_post_thumbnail":0,"footnotes":""},"class_list":["post-2522","page","type-page","status-publish","hentry"],"_links":{"self":[{"href":"https:\/\/edith-gross.de\/home\/wp-json\/wp\/v2\/pages\/2522"}],"collection":[{"href":"https:\/\/edith-gross.de\/home\/wp-json\/wp\/v2\/pages"}],"about":[{"href":"https:\/\/edith-gross.de\/home\/wp-json\/wp\/v2\/types\/page"}],"author":[{"embeddable":true,"href":"https:\/\/edith-gross.de\/home\/wp-json\/wp\/v2\/users\/2"}],"replies":[{"embeddable":true,"href":"https:\/\/edith-gross.de\/home\/wp-json\/wp\/v2\/comments?post=2522"}],"version-history":[{"count":6,"href":"https:\/\/edith-gross.de\/home\/wp-json\/wp\/v2\/pages\/2522\/revisions"}],"predecessor-version":[{"id":2661,"href":"https:\/\/edith-gross.de\/home\/wp-json\/wp\/v2\/pages\/2522\/revisions\/2661"}],"up":[{"embeddable":true,"href":"https:\/\/edith-gross.de\/home\/wp-json\/wp\/v2\/pages\/1838"}],"wp:attachment":[{"href":"https:\/\/edith-gross.de\/home\/wp-json\/wp\/v2\/media?parent=2522"}],"curies":[{"name":"wp","href":"https:\/\/api.w.org\/{rel}","templated":true}]}}