{"id":1838,"date":"2018-05-18T09:47:17","date_gmt":"2018-05-18T09:47:17","guid":{"rendered":"http:\/\/edith-gross.de\/home\/?page_id=1838"},"modified":"2021-01-22T21:29:40","modified_gmt":"2021-01-22T21:29:40","slug":"archiv","status":"publish","type":"page","link":"https:\/\/edith-gross.de\/home\/archiv\/","title":{"rendered":"ARCHIV 2020"},"content":{"rendered":"\n<figure class=\"wp-block-image size-large is-resized\"><img loading=\"lazy\" decoding=\"async\" src=\"https:\/\/edith-gross.de\/home\/wp-content\/uploads\/2020\/11\/Flyer_Heiko2.jpg\" alt=\"\" class=\"wp-image-2943\" width=\"253\" height=\"129\" srcset=\"https:\/\/edith-gross.de\/home\/wp-content\/uploads\/2020\/11\/Flyer_Heiko2.jpg 1011w, https:\/\/edith-gross.de\/home\/wp-content\/uploads\/2020\/11\/Flyer_Heiko2-300x153.jpg 300w, https:\/\/edith-gross.de\/home\/wp-content\/uploads\/2020\/11\/Flyer_Heiko2-768x391.jpg 768w\" sizes=\"(max-width: 253px) 100vw, 253px\" \/><figcaption> <br><strong><strong><strong><strong>\u201eKunst besser sehen\u201c<br>Malerei von Edith Gro\u00df und Berti Gaksch<br>Ort:\u00a0 Erlangen, N\u00fcrnberger Strasse 53<br><\/strong><br><strong>Ausstellungstermin:<br>19.11. 2020 \u2013 06.01. 2021<\/strong><\/strong><\/strong><\/strong><\/figcaption><\/figure>\n\n\n\n<div class=\"wp-block-group\"><div class=\"wp-block-group__inner-container is-layout-flow wp-block-group-is-layout-flow\">\n<hr class=\"wp-block-separator\"\/>\n<\/div><\/div>\n\n\n\n<figure class=\"wp-block-image size-large is-resized\"><img loading=\"lazy\" decoding=\"async\" src=\"https:\/\/edith-gross.de\/home\/wp-content\/uploads\/2020\/11\/Panoramabild-kl-1024x322.jpg\" alt=\"\" class=\"wp-image-2991\" width=\"256\" height=\"81\" srcset=\"https:\/\/edith-gross.de\/home\/wp-content\/uploads\/2020\/11\/Panoramabild-kl-1024x322.jpg 1024w, https:\/\/edith-gross.de\/home\/wp-content\/uploads\/2020\/11\/Panoramabild-kl-300x94.jpg 300w, https:\/\/edith-gross.de\/home\/wp-content\/uploads\/2020\/11\/Panoramabild-kl-768x242.jpg 768w, https:\/\/edith-gross.de\/home\/wp-content\/uploads\/2020\/11\/Panoramabild-kl.jpg 1456w\" sizes=\"(max-width: 256px) 100vw, 256px\" \/><figcaption> <\/figcaption><\/figure>\n\n\n\n<figure class=\"wp-block-image size-large is-resized\"><img loading=\"lazy\" decoding=\"async\" src=\"https:\/\/edith-gross.de\/home\/wp-content\/uploads\/2020\/11\/b11adv_Poster_A2_final_05online-mittel-721x1024.jpg\" alt=\"\" class=\"wp-image-2989\" width=\"180\" height=\"256\" srcset=\"https:\/\/edith-gross.de\/home\/wp-content\/uploads\/2020\/11\/b11adv_Poster_A2_final_05online-mittel-721x1024.jpg 721w, https:\/\/edith-gross.de\/home\/wp-content\/uploads\/2020\/11\/b11adv_Poster_A2_final_05online-mittel-211x300.jpg 211w, https:\/\/edith-gross.de\/home\/wp-content\/uploads\/2020\/11\/b11adv_Poster_A2_final_05online-mittel-768x1090.jpg 768w, https:\/\/edith-gross.de\/home\/wp-content\/uploads\/2020\/11\/b11adv_Poster_A2_final_05online-mittel-1082x1536.jpg 1082w, https:\/\/edith-gross.de\/home\/wp-content\/uploads\/2020\/11\/b11adv_Poster_A2_final_05online-mittel-1443x2048.jpg 1443w, https:\/\/edith-gross.de\/home\/wp-content\/uploads\/2020\/11\/b11adv_Poster_A2_final_05online-mittel-scaled.jpg 1804w\" sizes=\"(max-width: 180px) 100vw, 180px\" \/><figcaption> <br><strong><strong><strong>\u201eAdventskalender Erlangen\u201c<\/strong><br><strong>vom 01.12.2020 \u2013 6.01.2021<br>im Lesecafe<br>in der Altstadtmarkt Passage<br>(westliche Stadtmauerstrasse 58)<\/strong><\/strong><\/strong><\/figcaption><\/figure>\n\n\n\n<hr class=\"wp-block-separator\"\/>\n\n\n\n<figure class=\"wp-block-image size-large is-resized\"><img loading=\"lazy\" decoding=\"async\" src=\"https:\/\/edith-gross.de\/home\/wp-content\/uploads\/2020\/09\/Flyer-1.jpg\" alt=\"\" class=\"wp-image-2936\" width=\"377\" height=\"397\" srcset=\"https:\/\/edith-gross.de\/home\/wp-content\/uploads\/2020\/09\/Flyer-1.jpg 753w, https:\/\/edith-gross.de\/home\/wp-content\/uploads\/2020\/09\/Flyer-1-285x300.jpg 285w\" sizes=\"(max-width: 377px) 100vw, 377px\" \/><figcaption> <br><strong><strong>Gruppenausstellung GEDOK<br>Hilpoltstein in der Residenz<br>Ort:&nbsp; Hilpoltstein<br>Kirchenstra\u00dfe 1<\/strong><br><strong>Ausstellungstermin:<br>25. 09. 2020 \u2013 06.11. 2020<\/strong><\/strong><\/figcaption><\/figure>\n\n\n\n<hr class=\"wp-block-separator\"\/>\n\n\n\n<figure class=\"wp-block-image size-large is-resized\"><img loading=\"lazy\" decoding=\"async\" src=\"https:\/\/edith-gross.de\/home\/wp-content\/uploads\/2020\/08\/Einladung.jpg\" alt=\"\" class=\"wp-image-2896\" width=\"395\" height=\"401\" srcset=\"https:\/\/edith-gross.de\/home\/wp-content\/uploads\/2020\/08\/Einladung.jpg 790w, https:\/\/edith-gross.de\/home\/wp-content\/uploads\/2020\/08\/Einladung-296x300.jpg 296w, https:\/\/edith-gross.de\/home\/wp-content\/uploads\/2020\/08\/Einladung-768x779.jpg 768w\" sizes=\"(max-width: 395px) 100vw, 395px\" \/><figcaption> <br><strong>Gruppenausstellung \u201e<\/strong><a href=\"http:\/\/edith-gross.de\/home\/bildergalerie\/\"><strong>GEDOK <\/strong><\/a><a href=\"http:\/\/edith-gross.de\/home\/bildergalerie\/\"><strong>2020\u2033<\/strong><\/a><strong><br>Schloss Almoshof, Almoshofer Hauptstra\u00dfe 49<br>Ort:&nbsp; N\u00fcrnberg<br>Ausstellungstermin:<br>06. 09. 2020 \u2013 20.09. 2020<\/strong><br><strong>Vernissage&nbsp; Sonntag, 06.09. 2020, 15.00 Uhr<br>Finissage&nbsp;&nbsp;&nbsp;&nbsp;&nbsp; Sonntag, 20.09.2020, 16.00 Uhr<\/strong><\/figcaption><\/figure>\n\n\n\n<hr class=\"wp-block-separator\"\/>\n\n\n\n<div class=\"wp-block-group\"><div class=\"wp-block-group__inner-container is-layout-flow wp-block-group-is-layout-flow\">\n<div class=\"wp-block-group\"><div class=\"wp-block-group__inner-container is-layout-flow wp-block-group-is-layout-flow\">\n<div class=\"wp-block-columns is-layout-flex wp-container-core-columns-is-layout-1 wp-block-columns-is-layout-flex\">\n<div class=\"wp-block-column is-layout-flow wp-block-column-is-layout-flow\">\n<figure class=\"wp-block-image size-large is-resized\"><img loading=\"lazy\" decoding=\"async\" src=\"https:\/\/edith-gross.de\/home\/wp-content\/uploads\/2020\/04\/Flyer1-1.jpg\" alt=\"\" class=\"wp-image-2820\" width=\"216\" height=\"408\"\/><figcaption><strong>online-Ausstellung<br>\u201e<a href=\"http:\/\/edith-gross.de\/home\/bildergalerie\/\">IN ZEITEN, WIE DIESEN\u2033<\/a><\/strong><br><strong>Ausstellungstermin: 03.05.2020 &#8211; 31.07.2020<br>online-Vernissage: Sa 02.05.2020, 20.00 H<br><\/strong><\/figcaption><\/figure>\n\n\n\n<hr class=\"wp-block-separator\"\/>\n<\/div>\n\n\n\n<div class=\"wp-block-column is-layout-flow wp-block-column-is-layout-flow\">\n<figure class=\"wp-block-image size-large is-resized\"><img loading=\"lazy\" decoding=\"async\" src=\"https:\/\/edith-gross.de\/home\/wp-content\/uploads\/2020\/04\/Flyer2-1.jpg\" alt=\"\" class=\"wp-image-2821\" width=\"214\" height=\"412\" srcset=\"https:\/\/edith-gross.de\/home\/wp-content\/uploads\/2020\/04\/Flyer2-1.jpg 428w, https:\/\/edith-gross.de\/home\/wp-content\/uploads\/2020\/04\/Flyer2-1-156x300.jpg 156w\" sizes=\"(max-width: 214px) 100vw, 214px\" \/><\/figure>\n<\/div>\n<\/div>\n<\/div><\/div>\n<\/div><\/div>\n\n\n\n<figure class=\"wp-block-image is-resized\"><img loading=\"lazy\" decoding=\"async\" src=\"http:\/\/edith-gross.de\/home\/wp-content\/uploads\/2020\/03\/der-private-Augenblick-1024x726.jpg\" alt=\"\" class=\"wp-image-2435\" width=\"512\" height=\"363\" srcset=\"https:\/\/edith-gross.de\/home\/wp-content\/uploads\/2020\/03\/der-private-Augenblick-1024x726.jpg 1024w, https:\/\/edith-gross.de\/home\/wp-content\/uploads\/2020\/03\/der-private-Augenblick-300x213.jpg 300w, https:\/\/edith-gross.de\/home\/wp-content\/uploads\/2020\/03\/der-private-Augenblick-768x545.jpg 768w, https:\/\/edith-gross.de\/home\/wp-content\/uploads\/2020\/03\/der-private-Augenblick.jpg 1097w\" sizes=\"(max-width: 512px) 100vw, 512px\" \/><figcaption> <br><strong>Gruppenausstellung<br>\u201e<a href=\"http:\/\/edith-gross.de\/home\/bildergalerie\/\">DER PRIVATE AUGENBLICK\u2033<\/a><br>Ort:&nbsp; F\u00fcrth, CLINIC Kunst Centrum e.V. <br>Kaiserstra\u00dfe 173, 1. Etage , Eingang im Hof<\/strong><br> <strong>Ausstellungstermin: 06.03.2020 &#8211; 15.03.2020 <br>Vernissage: Do 05.03.2020, 19.30 H<br>\u00d6ffnungszeiten: Fr und Sa: 16 &#8211; 20 H So: 14 &#8211; 18 H<\/strong> <\/figcaption><\/figure>\n\n\n\n<figure class=\"wp-block-gallery columns-3 is-cropped wp-block-gallery-1 is-layout-flex wp-block-gallery-is-layout-flex\"><ul class=\"blocks-gallery-grid\"><li class=\"blocks-gallery-item\"><figure><img loading=\"lazy\" decoding=\"async\" width=\"589\" height=\"835\" src=\"http:\/\/edith-gross.de\/home\/wp-content\/uploads\/2020\/03\/gross_akt-ute-3_DIN-A3.jpg\" alt=\"\" data-id=\"2438\" data-link=\"http:\/\/edith-gross.de\/home\/gross_akt-ute-3_din-a3\/\" class=\"wp-image-2438\" srcset=\"https:\/\/edith-gross.de\/home\/wp-content\/uploads\/2020\/03\/gross_akt-ute-3_DIN-A3.jpg 589w, https:\/\/edith-gross.de\/home\/wp-content\/uploads\/2020\/03\/gross_akt-ute-3_DIN-A3-212x300.jpg 212w\" sizes=\"(max-width: 589px) 100vw, 589px\" \/><\/figure><\/li><li class=\"blocks-gallery-item\"><figure><img loading=\"lazy\" decoding=\"async\" width=\"608\" height=\"877\" src=\"http:\/\/edith-gross.de\/home\/wp-content\/uploads\/2020\/03\/gross_akt-ute-1_DIN-A3.jpg\" alt=\"\" data-id=\"2436\" data-link=\"http:\/\/edith-gross.de\/home\/gross_akt-ute-1_din-a3\/\" class=\"wp-image-2436\" srcset=\"https:\/\/edith-gross.de\/home\/wp-content\/uploads\/2020\/03\/gross_akt-ute-1_DIN-A3.jpg 608w, https:\/\/edith-gross.de\/home\/wp-content\/uploads\/2020\/03\/gross_akt-ute-1_DIN-A3-208x300.jpg 208w\" sizes=\"(max-width: 608px) 100vw, 608px\" \/><\/figure><\/li><li class=\"blocks-gallery-item\"><figure><img loading=\"lazy\" decoding=\"async\" width=\"599\" height=\"845\" src=\"http:\/\/edith-gross.de\/home\/wp-content\/uploads\/2020\/03\/gross_akt-ute-4_DIN-A3.jpg\" alt=\"\" data-id=\"2439\" data-link=\"http:\/\/edith-gross.de\/home\/gross_akt-ute-4_din-a3\/\" class=\"wp-image-2439\" srcset=\"https:\/\/edith-gross.de\/home\/wp-content\/uploads\/2020\/03\/gross_akt-ute-4_DIN-A3.jpg 599w, https:\/\/edith-gross.de\/home\/wp-content\/uploads\/2020\/03\/gross_akt-ute-4_DIN-A3-213x300.jpg 213w\" sizes=\"(max-width: 599px) 100vw, 599px\" \/><\/figure><\/li><\/ul><\/figure>\n\n\n\n<hr class=\"wp-block-separator\"\/>\n\n\n\n\n\n\n\n<figure class=\"wp-block-image is-resized\"><img loading=\"lazy\" decoding=\"async\" src=\"http:\/\/edith-gross.de\/home\/wp-content\/uploads\/2020\/03\/Plakat-Austellung-klein.jpeg\" alt=\"\" class=\"wp-image-2449\" width=\"227\" height=\"320\" srcset=\"https:\/\/edith-gross.de\/home\/wp-content\/uploads\/2020\/03\/Plakat-Austellung-klein.jpeg 453w, https:\/\/edith-gross.de\/home\/wp-content\/uploads\/2020\/03\/Plakat-Austellung-klein-212x300.jpeg 212w\" sizes=\"(max-width: 227px) 100vw, 227px\" \/><figcaption> <br><strong>Gruppenausstellung \u201e<\/strong><a href=\"http:\/\/edith-gross.de\/home\/bildergalerie\/\"><strong>MALSTUNDE 2020\u2033<\/strong><\/a><strong><br>Offenes B\u00fcro (DLZ-Bau) in N\u00fcrnberg<br>Ort:&nbsp; N\u00fcrnberg<br>Lorenzer Stra\u00dfe 30<\/strong><br> <br><strong>Ausstellungstermin:<br>03. 03. 2020 \u2013 20. 03. 2020<\/strong> <br><strong>Vernissage Dienstag, 03.03 2020, 18.00 Uhr<\/strong> <br><strong>Finissage Freitag, 20.03.20, 17.00 Uhr, entf\u00e4llt leider!!!<\/strong> <\/figcaption><\/figure>\n\n\n\n<figure class=\"wp-block-image is-resized\"><img loading=\"lazy\" decoding=\"async\" src=\"http:\/\/edith-gross.de\/home\/wp-content\/uploads\/2020\/04\/DSC06194-2-kl.jpg\" alt=\"\" class=\"wp-image-2665\" width=\"297\" height=\"208\" srcset=\"https:\/\/edith-gross.de\/home\/wp-content\/uploads\/2020\/04\/DSC06194-2-kl.jpg 798w, https:\/\/edith-gross.de\/home\/wp-content\/uploads\/2020\/04\/DSC06194-2-kl-300x211.jpg 300w, https:\/\/edith-gross.de\/home\/wp-content\/uploads\/2020\/04\/DSC06194-2-kl-768x539.jpg 768w\" sizes=\"(max-width: 297px) 100vw, 297px\" \/><figcaption>Magischer Birkenkreis<\/figcaption><\/figure>\n\n\n\n<h2 class=\"wp-block-heading\"><a href=\"https:\/\/edith-gross.de\/home\/archiv\/2019-2\/\">zu Archiv 2019<\/a><\/h2>\n\n\n\n<figure class=\"wp-block-image is-resized\"><img loading=\"lazy\" decoding=\"async\" src=\"http:\/\/edith-gross.de\/home\/wp-content\/uploads\/2018\/05\/beige-150x150.jpg\" alt=\"\" class=\"wp-image-1852\" width=\"46\" height=\"46\" srcset=\"https:\/\/edith-gross.de\/home\/wp-content\/uploads\/2018\/05\/beige-150x150.jpg 150w, https:\/\/edith-gross.de\/home\/wp-content\/uploads\/2018\/05\/beige-300x300.jpg 300w, https:\/\/edith-gross.de\/home\/wp-content\/uploads\/2018\/05\/beige.jpg 496w\" sizes=\"(max-width: 46px) 100vw, 46px\" \/><figcaption> <a href=\"http:\/\/edith-gross.de\/home\/bildergalerie\/\">BILDERGALERIE<\/a> <\/figcaption><\/figure>\n\n\n\n<figure class=\"wp-block-image is-resized\"><a href=\"http:\/\/edith-gross.de\/home\/vita\"><img loading=\"lazy\" decoding=\"async\" src=\"http:\/\/edith-gross.de\/home\/wp-content\/uploads\/2018\/05\/hellblau-150x150.jpg\" alt=\"\" class=\"wp-image-1854\" width=\"49\" height=\"49\" srcset=\"https:\/\/edith-gross.de\/home\/wp-content\/uploads\/2018\/05\/hellblau-150x150.jpg 150w, https:\/\/edith-gross.de\/home\/wp-content\/uploads\/2018\/05\/hellblau-300x296.jpg 300w, https:\/\/edith-gross.de\/home\/wp-content\/uploads\/2018\/05\/hellblau.jpg 511w\" sizes=\"(max-width: 49px) 100vw, 49px\" \/><\/a><figcaption> <a href=\"http:\/\/edith-gross.de\/home\/vita\">VITA<\/a> <\/figcaption><\/figure>\n\n\n\n<figure class=\"wp-block-image is-resized\"><a href=\"http:\/\/edith-gross.de\/home\/presse\"><img loading=\"lazy\" decoding=\"async\" src=\"http:\/\/edith-gross.de\/home\/wp-content\/uploads\/2018\/05\/weiss-150x150.jpg\" alt=\"\" class=\"wp-image-1856\" width=\"47\" height=\"47\" srcset=\"https:\/\/edith-gross.de\/home\/wp-content\/uploads\/2018\/05\/weiss-150x150.jpg 150w, https:\/\/edith-gross.de\/home\/wp-content\/uploads\/2018\/05\/weiss-300x300.jpg 300w, https:\/\/edith-gross.de\/home\/wp-content\/uploads\/2018\/05\/weiss.jpg 508w\" sizes=\"(max-width: 47px) 100vw, 47px\" \/><\/a><figcaption> <a href=\"http:\/\/edith-gross.de\/home\/presse\">PRESSE<\/a> <\/figcaption><\/figure>\n\n\n\n<figure class=\"wp-block-image is-resized\"><a href=\"http:\/\/edith-gross.de\/home\/impressum\"><img loading=\"lazy\" decoding=\"async\" src=\"http:\/\/edith-gross.de\/home\/wp-content\/uploads\/2018\/05\/tomate-150x150.jpg\" alt=\"\" class=\"wp-image-1855\" width=\"45\" height=\"45\" srcset=\"https:\/\/edith-gross.de\/home\/wp-content\/uploads\/2018\/05\/tomate-150x150.jpg 150w, https:\/\/edith-gross.de\/home\/wp-content\/uploads\/2018\/05\/tomate-295x300.jpg 295w, https:\/\/edith-gross.de\/home\/wp-content\/uploads\/2018\/05\/tomate.jpg 500w\" sizes=\"(max-width: 45px) 100vw, 45px\" \/><\/a><figcaption> <a href=\"http:\/\/edith-gross.de\/home\/impressum\">IMPRESSUM<\/a> <\/figcaption><\/figure>\n\n\n\n<figure class=\"wp-block-image is-resized\"><a href=\"http:\/\/edith-gross.de\/home\/datenschutz\"><img loading=\"lazy\" decoding=\"async\" src=\"http:\/\/edith-gross.de\/home\/wp-content\/uploads\/2018\/05\/gras-150x150.jpg\" alt=\"\" class=\"wp-image-1853\" width=\"47\" height=\"47\" srcset=\"https:\/\/edith-gross.de\/home\/wp-content\/uploads\/2018\/05\/gras-150x150.jpg 150w, https:\/\/edith-gross.de\/home\/wp-content\/uploads\/2018\/05\/gras-300x300.jpg 300w, https:\/\/edith-gross.de\/home\/wp-content\/uploads\/2018\/05\/gras.jpg 503w\" sizes=\"(max-width: 47px) 100vw, 47px\" \/><\/a><figcaption><a href=\"http:\/\/edith-gross.de\/home\/datenschutz\">DATENSCHUTZ<\/a> <\/figcaption><\/figure>\n","protected":false},"excerpt":{"rendered":"<p>zu Archiv 2019<\/p>\n","protected":false},"author":2,"featured_media":0,"parent":0,"menu_order":2,"comment_status":"closed","ping_status":"closed","template":"","meta":{"ngg_post_thumbnail":0,"footnotes":""},"class_list":["post-1838","page","type-page","status-publish","hentry"],"_links":{"self":[{"href":"https:\/\/edith-gross.de\/home\/wp-json\/wp\/v2\/pages\/1838"}],"collection":[{"href":"https:\/\/edith-gross.de\/home\/wp-json\/wp\/v2\/pages"}],"about":[{"href":"https:\/\/edith-gross.de\/home\/wp-json\/wp\/v2\/types\/page"}],"author":[{"embeddable":true,"href":"https:\/\/edith-gross.de\/home\/wp-json\/wp\/v2\/users\/2"}],"replies":[{"embeddable":true,"href":"https:\/\/edith-gross.de\/home\/wp-json\/wp\/v2\/comments?post=1838"}],"version-history":[{"count":120,"href":"https:\/\/edith-gross.de\/home\/wp-json\/wp\/v2\/pages\/1838\/revisions"}],"predecessor-version":[{"id":3283,"href":"https:\/\/edith-gross.de\/home\/wp-json\/wp\/v2\/pages\/1838\/revisions\/3283"}],"wp:attachment":[{"href":"https:\/\/edith-gross.de\/home\/wp-json\/wp\/v2\/media?parent=1838"}],"curies":[{"name":"wp","href":"https:\/\/api.w.org\/{rel}","templated":true}]}}